{"id":2,"date":"2024-12-19T15:43:39","date_gmt":"2024-12-19T14:43:39","guid":{"rendered":"https:\/\/utvecklingsweb.se\/sandviken\/?page_id=2"},"modified":"2025-05-28T08:18:51","modified_gmt":"2025-05-28T06:18:51","slug":"start","status":"publish","type":"page","link":"https:\/\/utvecklingsweb.se\/sandviken\/","title":{"rendered":"Start"},"content":{"rendered":"<p>[et_pb_section fb_built=&#8221;1&#8243; fullwidth=&#8221;on&#8221; _builder_version=&#8221;4.27.3&#8243; _module_preset=&#8221;default&#8221; global_colors_info=&#8221;{}&#8221;][et_pb_fullwidth_slider _builder_version=&#8221;4.27.4&#8243; _module_preset=&#8221;default&#8221; header_level=&#8221;h1&#8243; header_font=&#8221;Raleway|||on|||||&#8221; custom_css_free_form=&#8221;selector .et_pb_slider_container_inner .et_pb_slide_description {||  padding: 30% 0 20px;||  max-width: 840px;||}||||@media (max-width: 980px) {||  selector .et_pb_slider_container_inner .et_pb_slide_description {||\t\tpadding-top: 10%||\t}||  ||  selector .et_pb_slider_container_inner .et_pb_slide_description .et_pb_slide_title {||    font-size: 1.8em||  }||}||||selector .badge {||  \t&#8211;size: 13em;||    position: absolute;||    right: 0;||    top: 50%;||    transform: translate(0%, -50%);||    background: #b72228;||    border-radius: 50%;||    height: var(&#8211;size);||    width: var(&#8211;size);||    display: flex;||    flex-direction: column;||    justify-content: center;||    padding: 1em;||    gap: .8em;||}||||@media (min-width: 1200px) {||  selector .badge {||    transform: translate(50%, -50%);||  }||}||||selector .badge::after {||    content: &#8221;;||    position: absolute;||    &#8211;offset: .4em;||    left: var(&#8211;offset);||    right: var(&#8211;offset);||    top: var(&#8211;offset);||    bottom: var(&#8211;offset);||    border: .1em solid;||    border-radius: 50%;||}||||selector .badge h3 {||    font-weight: 700;||    line-height: 1.2;||    font-size: 1.2em;||    padding: 0;||}||||selector .badge h3:first-child {||    color: #ebb544 !important;||}||||selector .badge a {||  position: absolute;||  left: 0;||  right: 0;||  top: 0;||  bottom: 0;||  border-radius: 50%;||  z-index: 1;||}||||@media (max-width: 980px) {||  selector .badge {||    display: none;||  }||}&#8221; header_text_shadow_style=&#8221;preset1&#8243; global_colors_info=&#8221;{}&#8221;][et_pb_slide _builder_version=&#8221;4.27.4&#8243; _module_preset=&#8221;default&#8221; background_enable_color=&#8221;off&#8221; background_image=&#8221;https:\/\/utvecklingsweb.se\/sandviken\/wp-content\/uploads\/2025\/04\/Team_hero_start.jpg&#8221; background_enable_image=&#8221;on&#8221; background_position=&#8221;top_center&#8221; global_colors_info=&#8221;{}&#8221; sticky_transition=&#8221;on&#8221;]<\/p>\n<h1>Sotning och ventilation <br \/>f\u00f6r friska hem!<\/h1>\n<p>[\/et_pb_slide][\/et_pb_fullwidth_slider][\/et_pb_section][et_pb_section fb_built=&#8221;1&#8243; _builder_version=&#8221;4.27.4&#8243; _module_preset=&#8221;default&#8221; custom_padding=&#8221;0px||0px||true|false&#8221; custom_css_free_form=&#8221;@media (min-width: 981px) {||  selector {||    max-width: 840px;||    border-left: 1px solid  #999;||    border-right: 1px solid #999;||    margin: 40px auto;||  }||}||||selector a {color: #000;}&#8221; global_colors_info=&#8221;{}&#8221;][et_pb_row custom_padding_last_edited=&#8221;on|tablet&#8221; _builder_version=&#8221;4.27.3&#8243; _module_preset=&#8221;default&#8221; width=&#8221;90%&#8221; custom_padding=&#8221;0px||||false|false&#8221; custom_padding_tablet=&#8221;10px||||false|false&#8221; custom_padding_phone=&#8221;10px||||false|false&#8221; global_colors_info=&#8221;{}&#8221;][et_pb_column type=&#8221;4_4&#8243; _builder_version=&#8221;4.27.3&#8243; _module_preset=&#8221;default&#8221; global_colors_info=&#8221;{}&#8221;][et_pb_text disabled_on=&#8221;off|off|off&#8221; _builder_version=&#8221;4.27.4&#8243; _module_preset=&#8221;default&#8221; header_2_font=&#8221;|300|||||||&#8221; text_orientation=&#8221;center&#8221; custom_margin=&#8221;||||false|false&#8221; global_colors_info=&#8221;{}&#8221;]<\/p>\n<h2>Dina sotare, brandskyddskontrollanter och<br \/>\nventilationsreng\u00f6rare i Sandviken, Ockelbo och Hofors<\/h2>\n<p>Vi ser till att dina eldst\u00e4der och skorstenar fungerar som de ska. Vi kan ocks\u00e5 hj\u00e4lpa dig med inomhusmilj\u00f6n, att minska din energif\u00f6rbrukning, installera ny ventilation och att se till att den befintliga fungerar optimalt.<br \/>\nV\u00e4lkommen att prata med oss om sotning, brandskyddskontroll, ventilationsinstallation, ventilations reng\u00f6ring och OVK[\/et_pb_text][\/et_pb_column][\/et_pb_row][et_pb_row column_structure=&#8221;1_3,1_3,1_3&#8243; use_custom_gutter=&#8221;on&#8221; gutter_width=&#8221;2&#8243; _builder_version=&#8221;4.27.4&#8243; _module_preset=&#8221;default&#8221; width=&#8221;90%&#8221; custom_css_free_form=&#8221;selector p {||  line-height: 20px;||}&#8221; global_colors_info=&#8221;{}&#8221;][et_pb_column type=&#8221;1_3&#8243; _builder_version=&#8221;4.27.4&#8243; _module_preset=&#8221;default&#8221; global_colors_info=&#8221;{}&#8221;][et_pb_image src=&#8221;https:\/\/utvecklingsweb.se\/sandviken\/wp-content\/uploads\/2025\/04\/IMG_9879.jpg&#8221; title_text=&#8221;IMG_9879&#8243; align=&#8221;center&#8221; _builder_version=&#8221;4.27.4&#8243; _module_preset=&#8221;default&#8221; max_width=&#8221;350px&#8221; global_colors_info=&#8221;{}&#8221;][\/et_pb_image][et_pb_text _builder_version=&#8221;4.27.4&#8243; _module_preset=&#8221;default&#8221; text_font_size=&#8221;14px&#8221; text_orientation=&#8221;center&#8221; custom_css_free_form=&#8221;selector {||  max-width: 450px;||  margin: auto;||}&#8221; global_colors_info=&#8221;{}&#8221;]<\/p>\n<h3>V\u00e4lkommen till<br \/>v\u00e5r faktabank<\/h3>\n<p>Har du fr\u00e5gor inf\u00f6r sotarens bes\u00f6k eller vill du veta mer om s\u00e4ker eldning? Missa inte att ta del av v\u00e5r faktabank \u201cTips &amp; r\u00e5d\u2019. <a href=\"https:\/\/utvecklingsweb.se\/sandviken\/https:\/\/utvecklingsweb.se\/sandviken\/tips-och-rad\/\/\"><strong>L\u00c4S MER<\/strong><\/a><\/p>\n<p>[\/et_pb_text][\/et_pb_column][et_pb_column type=&#8221;1_3&#8243; _builder_version=&#8221;4.27.4&#8243; _module_preset=&#8221;default&#8221; global_colors_info=&#8221;{}&#8221;][et_pb_image src=&#8221;https:\/\/utvecklingsweb.se\/sandviken\/wp-content\/uploads\/2025\/04\/IMG_5853-2.jpg&#8221; title_text=&#8221;IMG_5853 2&#8243; align=&#8221;center&#8221; _builder_version=&#8221;4.27.4&#8243; _module_preset=&#8221;default&#8221; max_width=&#8221;350px&#8221; global_colors_info=&#8221;{}&#8221;][\/et_pb_image][et_pb_text _builder_version=&#8221;4.27.4&#8243; _module_preset=&#8221;default&#8221; text_font_size=&#8221;14px&#8221; text_orientation=&#8221;center&#8221; custom_css_free_form=&#8221;selector {||  max-width: 450px;||  margin: auto;||}&#8221; global_colors_info=&#8221;{}&#8221;]<\/p>\n<h3>Best\u00e4ll radon\u00ad\u00adm\u00e4tning av oss!<\/h3>\n<p>Har du funderingar kring radonniv\u00e5erna hemma eller p\u00e5 arbetet? Vi hj\u00e4lper dig fr\u00e5n m\u00e4tning till eventuella \u00e5tg\u00e4rder. <a href=\"https:\/\/utvecklingsweb.se\/sandviken\/boka-tjanst\/radonmatning\/\"><strong>L\u00c4S MER<\/strong><\/a><\/p>\n<p>[\/et_pb_text][\/et_pb_column][et_pb_column type=&#8221;1_3&#8243; _builder_version=&#8221;4.27.4&#8243; _module_preset=&#8221;default&#8221; global_colors_info=&#8221;{}&#8221;][et_pb_image src=&#8221;https:\/\/utvecklingsweb.se\/sandviken\/wp-content\/uploads\/2025\/04\/Ventilation_XLS8837.jpg&#8221; title_text=&#8221;Ventilation_XLS8837&#8243; align=&#8221;center&#8221; _builder_version=&#8221;4.27.4&#8243; _module_preset=&#8221;default&#8221; max_width=&#8221;350px&#8221; global_colors_info=&#8221;{}&#8221;][\/et_pb_image][et_pb_text _builder_version=&#8221;4.27.4&#8243; _module_preset=&#8221;default&#8221; text_font_size=&#8221;14px&#8221; text_orientation=&#8221;center&#8221; custom_css_free_form=&#8221;selector {||  max-width: 450px;||  margin: auto;||}&#8221; global_colors_info=&#8221;{}&#8221;]<\/p>\n<h3>Ren luft hemma<br \/>och p\u00e5 jobbet.<\/h3>\n<p>Vi g\u00f6r effektivt rent med roterande borstar, vi injusterar luftfl\u00f6dena och kan \u00e4ven bist\u00e5 med olika service\u00e5tg\u00e4rder och OVK. <a href=\"https:\/\/utvecklingsweb.se\/sandviken\/boka-tjanst\/ovk\/\"><strong>L\u00c4S MER<\/strong><\/a><\/p>\n<p>[\/et_pb_text][\/et_pb_column][\/et_pb_row][et_pb_row column_structure=&#8221;2_3,1_3&#8243; _builder_version=&#8221;4.27.4&#8243; _module_preset=&#8221;default&#8221; background_image=&#8221;https:\/\/utvecklingsweb.se\/sandviken\/wp-content\/uploads\/2025\/04\/Luftvarmepump_skiss_IMG_4425.jpg&#8221; width=&#8221;90%&#8221; min_height=&#8221;270px&#8221; overflow-x=&#8221;hidden&#8221; overflow-y=&#8221;hidden&#8221; custom_css_free_form=&#8221;selector {||  display: flex;||  flex-direction: row;||}||||selector .et_pb_column_1_3 .et_pb_module {||  position: absolute;||    right: 0;||    bottom: 0;||}&#8221; global_colors_info=&#8221;{}&#8221;][et_pb_column type=&#8221;2_3&#8243; _builder_version=&#8221;4.27.4&#8243; _module_preset=&#8221;default&#8221; custom_css_free_form=&#8221;selector {||  align-self: center;||}&#8221; global_colors_info=&#8221;{}&#8221;][et_pb_text _builder_version=&#8221;4.27.4&#8243; _module_preset=&#8221;default&#8221; custom_margin=&#8221;|||25px|false|false&#8221; custom_margin_tablet=&#8221;|||25px|false|false&#8221; custom_margin_phone=&#8221;|||25px|false|false&#8221; custom_margin_last_edited=&#8221;on|desktop&#8221; custom_css_free_form=&#8221;selector h3 {||  background-color: #f15d2a;||    line-height: 1.9;||    display: inline;||    padding: 2px 4px;||  color: #fff;||}&#8221; global_colors_info=&#8221;{}&#8221;]<\/p>\n<h3>Hur m\u00e5r din&nbsp;<br \/>\n&nbsp;luftv\u00e4rmepump?&nbsp;<br \/>\n&nbsp;Boka service av oss!&nbsp;<\/h3>\n<p>[\/et_pb_text][\/et_pb_column][et_pb_column type=&#8221;1_3&#8243; _builder_version=&#8221;4.27.4&#8243; _module_preset=&#8221;default&#8221; global_colors_info=&#8221;{}&#8221;][et_pb_text module_class=&#8221;slanted-title&#8221; _builder_version=&#8221;4.27.4&#8243; _module_preset=&#8221;default&#8221; text_font_size=&#8221;18px&#8221; background_color=&#8221;#f15d2a&#8221; text_orientation=&#8221;center&#8221; background_layout=&#8221;dark&#8221; link_option_url=&#8221;https:\/\/utvecklingsweb.se\/sandviken\/boka-tjanst\/rengoring-luftvarmepumpar\/&#8221; global_colors_info=&#8221;{}&#8221;]<\/p>\n<p>Klicka och<br \/>l\u00e4s mer<\/p>\n<p>[\/et_pb_text][\/et_pb_column][\/et_pb_row][et_pb_row column_structure=&#8221;1_3,1_3,1_3&#8243; use_custom_gutter=&#8221;on&#8221; gutter_width=&#8221;2&#8243; _builder_version=&#8221;4.27.4&#8243; _module_preset=&#8221;default&#8221; width=&#8221;90%&#8221; custom_padding=&#8221;||||false|false&#8221; custom_css_free_form=&#8221;selector p {||  line-height: 20px;||}&#8221; global_colors_info=&#8221;{}&#8221;][et_pb_column type=&#8221;1_3&#8243; _builder_version=&#8221;4.27.4&#8243; _module_preset=&#8221;default&#8221; global_colors_info=&#8221;{}&#8221;][et_pb_image src=&#8221;https:\/\/utvecklingsweb.se\/sandviken\/wp-content\/uploads\/2025\/04\/Lulea_start_besiktning.jpg&#8221; title_text=&#8221;Lulea_start_besiktning&#8221; align=&#8221;center&#8221; _builder_version=&#8221;4.27.4&#8243; _module_preset=&#8221;default&#8221; max_width=&#8221;350px&#8221; global_colors_info=&#8221;{}&#8221;][\/et_pb_image][et_pb_text _builder_version=&#8221;4.27.4&#8243; _module_preset=&#8221;default&#8221; text_font_size=&#8221;14px&#8221; text_orientation=&#8221;center&#8221; custom_css_free_form=&#8221;selector {||  max-width: 450px;||  margin: auto;||}&#8221; global_colors_info=&#8221;{}&#8221;]<\/p>\n<h3>S\u00e4ker eldstad?<br \/>L\u00e5t oss h\u00e5lla kollen!<\/h3>\n<p>Med hj\u00e4lp av den senaste tekniken analyserar vi din anl\u00e4ggning. Du f\u00e5r exakta svar och goda r\u00e5d kring funktion och s\u00e4kerhet. <a href=\"https:\/\/utvecklingsweb.se\/sandviken\/boka-tjanst\/besiktningar\/\"><strong>L\u00c4S MER<\/strong><\/a><\/p>\n<p>[\/et_pb_text][\/et_pb_column][et_pb_column type=&#8221;1_3&#8243; _builder_version=&#8221;4.27.4&#8243; _module_preset=&#8221;default&#8221; global_colors_info=&#8221;{}&#8221;][et_pb_image src=&#8221;https:\/\/utvecklingsweb.se\/sandviken\/wp-content\/uploads\/2025\/04\/Ventilation_OVK.jpg&#8221; title_text=&#8221;Ventilation_OVK&#8221; align=&#8221;center&#8221; _builder_version=&#8221;4.27.4&#8243; _module_preset=&#8221;default&#8221; max_width=&#8221;350px&#8221; global_colors_info=&#8221;{}&#8221;][\/et_pb_image][et_pb_text _builder_version=&#8221;4.27.4&#8243; _module_preset=&#8221;default&#8221; text_font_size=&#8221;14px&#8221; text_orientation=&#8221;center&#8221; custom_css_free_form=&#8221;selector {||  max-width: 450px;||  margin: auto;||}&#8221; global_colors_info=&#8221;{}&#8221;]<\/p>\n<h3>Fr\u00e5gor om OVK?<br \/>Prata med oss.<\/h3>\n<p>\u00c4r det dags f\u00f6r OVK-besiktning i din fastighet? I v\u00e5r faktabank kan du l\u00e4sa mer om regelverk och kontrollfrister. <a href=\"https:\/\/utvecklingsweb.se\/sandviken\/boka-tjanst\/ovk\/\"><strong>L\u00c4S MER<\/strong><\/a><\/p>\n<p>[\/et_pb_text][\/et_pb_column][et_pb_column type=&#8221;1_3&#8243; _builder_version=&#8221;4.27.4&#8243; _module_preset=&#8221;default&#8221; global_colors_info=&#8221;{}&#8221;][et_pb_image src=&#8221;https:\/\/utvecklingsweb.se\/sandviken\/wp-content\/uploads\/2025\/04\/Sotare_kund.jpg&#8221; title_text=&#8221;Sotare_kund&#8221; align=&#8221;center&#8221; _builder_version=&#8221;4.27.4&#8243; _module_preset=&#8221;default&#8221; max_width=&#8221;350px&#8221; global_colors_info=&#8221;{}&#8221;][\/et_pb_image][et_pb_text _builder_version=&#8221;4.27.4&#8243; _module_preset=&#8221;default&#8221; text_font_size=&#8221;14px&#8221; text_orientation=&#8221;center&#8221; custom_css_free_form=&#8221;selector {||  max-width: 450px;||  margin: auto;||}&#8221; global_colors_info=&#8221;{}&#8221;]<\/p>\n<h3>Fr\u00e5gor? V\u00e5rt team<br \/>finns f\u00f6r dig!<\/h3>\n<p>Har du fr\u00e5gor om ditt inomhusklimat? V\u00e5rt team hj\u00e4lper dig p\u00e5 v\u00e4gen mot \u00f6kad komfort och b\u00e4ttre energioptimering! <a href=\"https:\/\/utvecklingsweb.se\/sandviken\/kontakta-oss\/\"><strong>L\u00c4S MER<\/strong><\/a><\/p>\n<p>[\/et_pb_text][\/et_pb_column][\/et_pb_row][\/et_pb_section]<\/p>\n","protected":false},"excerpt":{"rendered":"<p>Sotning och ventilation f\u00f6r friska hem!Dina sotare, brandskyddskontrollanter och ventilationsreng\u00f6rare i Sandviken, Ockelbo och Hofors Vi ser till att dina eldst\u00e4der och skorstenar fungerar som de ska. Vi kan ocks\u00e5 hj\u00e4lpa dig med inomhusmilj\u00f6n, att minska din energif\u00f6rbrukning, installera ny ventilation och att se till att den befintliga fungerar optimalt. V\u00e4lkommen att prata med oss [&hellip;]<\/p>\n","protected":false},"author":1,"featured_media":0,"parent":0,"menu_order":0,"comment_status":"closed","ping_status":"open","template":"","meta":{"_acf_changed":false,"_et_pb_use_builder":"on","_et_pb_old_content":"<!-- wp:quote -->\n<blockquote class=\"wp-block-quote\"><\/blockquote>\n<!-- \/wp:quote -->","_et_gb_content_width":"","footnotes":""},"class_list":["post-2","page","type-page","status-publish","hentry"],"acf":[],"_links":{"self":[{"href":"https:\/\/utvecklingsweb.se\/sandviken\/wp-json\/wp\/v2\/pages\/2","targetHints":{"allow":["GET"]}}],"collection":[{"href":"https:\/\/utvecklingsweb.se\/sandviken\/wp-json\/wp\/v2\/pages"}],"about":[{"href":"https:\/\/utvecklingsweb.se\/sandviken\/wp-json\/wp\/v2\/types\/page"}],"author":[{"embeddable":true,"href":"https:\/\/utvecklingsweb.se\/sandviken\/wp-json\/wp\/v2\/users\/1"}],"replies":[{"embeddable":true,"href":"https:\/\/utvecklingsweb.se\/sandviken\/wp-json\/wp\/v2\/comments?post=2"}],"version-history":[{"count":71,"href":"https:\/\/utvecklingsweb.se\/sandviken\/wp-json\/wp\/v2\/pages\/2\/revisions"}],"predecessor-version":[{"id":3493,"href":"https:\/\/utvecklingsweb.se\/sandviken\/wp-json\/wp\/v2\/pages\/2\/revisions\/3493"}],"wp:attachment":[{"href":"https:\/\/utvecklingsweb.se\/sandviken\/wp-json\/wp\/v2\/media?parent=2"}],"curies":[{"name":"wp","href":"https:\/\/api.w.org\/{rel}","templated":true}]}}