{"id":3427,"date":"2025-05-09T08:06:58","date_gmt":"2025-05-09T06:06:58","guid":{"rendered":"https:\/\/utvecklingsweb.se\/sandviken\/tips-och-rad\/sa-gar-en-brandskyddskontroll-till\/"},"modified":"2025-05-09T09:13:00","modified_gmt":"2025-05-09T07:13:00","slug":"sa-gar-en-brandskyddskontroll-till","status":"publish","type":"page","link":"https:\/\/utvecklingsweb.se\/sandviken\/tips-och-rad\/sa-gar-en-brandskyddskontroll-till\/","title":{"rendered":"Brandskyddskontroll \u2013 f\u00f6r din trygghet!"},"content":{"rendered":"\n<p>Brandskyddskontrollen syftar till att uppt\u00e4cka eventuella fel och brister i anl\u00e4ggningen. Anl\u00e4ggningens funktion testas och det kontrolleras att den fungerar lika bra som n\u00e4r den togs i bruk. Sotning och brandskyddskontroll utf\u00f6rs enligt Lagen och f\u00f6rordningen om skydd mot olyckor som tr\u00e4dde i kraft den 1 januari 2004. I lagen anges att kommunen i brandf\u00f6rebyggande syfte ansvarar f\u00f6r att sotning och brandskyddskontroll utf\u00f6rs enligt angivna best\u00e4mmelser i de fastigheter som finns i kommunen. Kommunen v\u00e4ljer sedan om de ska sk\u00f6ta arbetet sj\u00e4lva, eller om det ska l\u00e4ggas ut p\u00e5 entreprenad.<\/p>\n\n\n\n<p>Det \u00e4r Myndigheten f\u00f6r Samh\u00e4llsskydd och Beredskap (MSB) som fastst\u00e4ller vilka objekt som \u00e4r f\u00f6rem\u00e5l f\u00f6r sotning och brandskyddskontroll. MSB utg\u00e5r i sin tur fr\u00e5n reglerna i \u201dLagen om skydd mot olyckor\u201d.<\/p>\n\n\n\n<p><strong>F\u00f6ljande objekt \u00e4r aktuella f\u00f6r kontroll:<\/strong><\/p>\n\n\n\n<ul class=\"wp-block-list\" id=\"block-5234a84c-d6f0-4f27-a917-1a885e9133ed\"><li>V\u00e4rmepannor<\/li><li>Vedeldade k\u00f6ksspisar och j\u00e4mf\u00f6rbara eldst\u00e4der<\/li><li>Lokaleldst\u00e4der (kakelugnar, kaminer, \u00f6ppna spisar och dyl.)<\/li><li>Imkanaler fr\u00e5n restauranger och stork\u00f6k<\/li><\/ul>\n\n\n\n<p><strong>Vad unders\u00f6ks i brandskyddskontrollen?<\/strong><br>S\u00e5v\u00e4l eldstadsanl\u00e4ggningen, pannrum och de utrymmen som angr\u00e4nsar till eldstaden och dess r\u00f6kkanaler ska unders\u00f6kas. \u00c4ven byggnadsmaterial s\u00e5 som takbel\u00e4ggning och bj\u00e4lklagsgenomf\u00f6ringar kontrolleras. Fl\u00e4ktar, filter och spj\u00e4ll som h\u00f6r till imkanaler i restaurang och stork\u00f6k h\u00f6r ocks\u00e5 till brandskyddskontrollen. <\/p>\n\n\n\n<p>F\u00f6r att det ska vara m\u00f6jligt att utf\u00f6ra en brandskyddskontroll beh\u00f6ver du ha godk\u00e4nda, v\u00e4l underh\u00e5llna taks\u00e4kerhetsanordningar, som takstege och glidskydd. <\/p>\n\n\n\n<p>Brandskyddskontrollen utf\u00f6rs huvudsakligen okul\u00e4rt, men vid behov sker f\u00f6rdjupad kontroll med hj\u00e4lp av instrument. Kanalens t\u00e4thet kan exempelvis pr\u00f6vas genom temperaturm\u00e4tning, r\u00f6ktrycksprovning eller l\u00e4ckagem\u00e4tning.<\/p>\n\n\n\n<p>H\u00e4nsyn ska tas till hur brandskyddet p\u00e5verkas av:<\/p>\n\n\n\n<ul class=\"wp-block-list\"><li>sotbildning och bel\u00e4ggningar,<\/li><li>skador eller f\u00f6r\u00e4ndringar av det tekniska utf\u00f6randet,<\/li><li>temperaturf\u00f6rh\u00e5llanden,<\/li><li>tryckf\u00f6rh\u00e5llanden och t\u00e4thet,<\/li><li>drift och sk\u00f6tsel.<\/li><\/ul>\n\n\n\n<p>Eldningsapparater f\u00f6r gas och tillh\u00f6rande gasledningar omfattas inte av brandskyddskontroll.<\/p>\n\n\n\n<p><strong>Hur ofta sker brandskyddskontrollen?<\/strong><br>Kontrollfristen \u00e4r vart 3:e eller vart 6:e \u00e5r, beroende p\u00e5 br\u00e4nsleslag och anl\u00e4ggning. Du som fastighets\u00e4gare beh\u00f6ver dock inte sj\u00e4lv h\u00e5lla koll p\u00e5 vad som ska kontrolleras och hur ofta. Det g\u00f6r vi med utg\u00e5ngspunkt fr\u00e5n uppgifterna i kontrollboken. Rent allm\u00e4nt \u00e4r det annars fastighets\u00e4garens ansvar att underh\u00e5lla anl\u00e4ggningen i brandf\u00f6rebyggande syfte. Brands\u00e4kerhet handlar inte bara om liv och h\u00e4lsa, utan ocks\u00e5 om egendom. Det kan vara bra att k\u00e4nna till att eventuell oaktsamhet kan inneb\u00e4ra att f\u00f6rs\u00e4kringen inte l\u00e4ngre g\u00e4ller.<\/p>\n","protected":false},"excerpt":{"rendered":"<p>Brandskyddskontrollen syftar till att uppt\u00e4cka eventuella fel och brister i anl\u00e4ggningen. Anl\u00e4ggningens funktion testas och det kontrolleras att den fungerar lika bra som n\u00e4r den togs i bruk. Sotning och brandskyddskontroll utf\u00f6rs enligt Lagen och f\u00f6rordningen om skydd mot olyckor som tr\u00e4dde i kraft den 1 januari 2004. I lagen anges att kommunen i brandf\u00f6rebyggande [&hellip;]<\/p>\n","protected":false},"author":1,"featured_media":0,"parent":3325,"menu_order":0,"comment_status":"closed","ping_status":"closed","template":"page-tips.php","meta":{"_acf_changed":false,"_et_pb_use_builder":"","_et_pb_old_content":"","_et_gb_content_width":"","footnotes":""},"class_list":["post-3427","page","type-page","status-publish","hentry"],"acf":[],"_links":{"self":[{"href":"https:\/\/utvecklingsweb.se\/sandviken\/wp-json\/wp\/v2\/pages\/3427","targetHints":{"allow":["GET"]}}],"collection":[{"href":"https:\/\/utvecklingsweb.se\/sandviken\/wp-json\/wp\/v2\/pages"}],"about":[{"href":"https:\/\/utvecklingsweb.se\/sandviken\/wp-json\/wp\/v2\/types\/page"}],"author":[{"embeddable":true,"href":"https:\/\/utvecklingsweb.se\/sandviken\/wp-json\/wp\/v2\/users\/1"}],"replies":[{"embeddable":true,"href":"https:\/\/utvecklingsweb.se\/sandviken\/wp-json\/wp\/v2\/comments?post=3427"}],"version-history":[{"count":1,"href":"https:\/\/utvecklingsweb.se\/sandviken\/wp-json\/wp\/v2\/pages\/3427\/revisions"}],"predecessor-version":[{"id":3465,"href":"https:\/\/utvecklingsweb.se\/sandviken\/wp-json\/wp\/v2\/pages\/3427\/revisions\/3465"}],"up":[{"embeddable":true,"href":"https:\/\/utvecklingsweb.se\/sandviken\/wp-json\/wp\/v2\/pages\/3325"}],"wp:attachment":[{"href":"https:\/\/utvecklingsweb.se\/sandviken\/wp-json\/wp\/v2\/media?parent=3427"}],"curies":[{"name":"wp","href":"https:\/\/api.w.org\/{rel}","templated":true}]}}