{"id":3430,"date":"2025-05-09T08:06:59","date_gmt":"2025-05-09T06:06:59","guid":{"rendered":"https:\/\/utvecklingsweb.se\/sandviken\/tips-och-rad\/utfora-sotning-sjalv-vad-galler\/"},"modified":"2025-05-09T08:06:59","modified_gmt":"2025-05-09T06:06:59","slug":"utfora-sotning-sjalv-vad-galler","status":"publish","type":"page","link":"https:\/\/utvecklingsweb.se\/sandviken\/tips-och-rad\/utfora-sotning-sjalv-vad-galler\/","title":{"rendered":"Utf\u00f6ra sotning sj\u00e4lv \u2013 vad g\u00e4ller?"},"content":{"rendered":"\n<p>Du som \u00e4r lagfaren \u00e4gare till fastigheten har m\u00f6jlighet att utf\u00f6ra sotningen sj\u00e4lv \u2013 s\u00e5 kallad egensotning. Detta st\u00e4ller dock krav p\u00e5 att du har tillr\u00e4ckliga kunskaper f\u00f6r att p\u00e5 egen hand utf\u00f6ra sotningen\/reng\u00f6ringen. En s\u00e4rskild ans\u00f6kan kring egensotning, d\u00e4r du ocks\u00e5 styrker kompetensen, m\u00e5ste vanligen skickas in till kommunen f\u00f6r beslut innan du kan b\u00f6rja sota. Det \u00e4r kommunens brandf\u00f6rsvar som sedan avg\u00f6r om du f\u00e5r utf\u00f6ra egensotning eller inte.<\/p>\n\n\n\n<p>I ans\u00f6kan ska samtliga objekt anges som du t\u00e4nkt sota sj\u00e4lv \u2013 har du fler sotningsobjekt som inte redovisats f\u00f6r, s\u00e5 kommer dessa \u00e4ven forts\u00e4ttningsvis att reng\u00f6ras av den entrepren\u00f6r som kommunen upphandlat.<\/p>\n\n\n\n<p>Beslutet om egensotning g\u00e4ller bara s\u00e5 l\u00e4nge du sj\u00e4lv \u00e4ger fastigheten. D\u00e4rf\u00f6r \u00e4r det viktigt att informera den nya \u00e4garen om att du har sotat sj\u00e4lv. Den nya \u00e4garen beh\u00f6ver sedan kontakta kommunens utsedda entrepren\u00f6r \u2013 eller skicka in en egen ny ans\u00f6kan om egensotning.<\/p>\n\n\n\n<p><strong>Vill du byta sotningsf\u00f6retag?<\/strong><br>\u00c4r du inte n\u00f6jd med ditt lokala sotningsf\u00f6retag, som utsetts av kommunen, s\u00e5 har du m\u00f6jlighet att skicka in en ans\u00f6kan om att byta till en annan entrepren\u00f6r. Du sj\u00e4lv ansvarar d\u00e5 f\u00f6r att den som tar \u00f6ver sotningen\/reng\u00f6ringen minst har:<\/p>\n\n\n\n<ul class=\"wp-block-list\"><li>skorstensfejarutbildning<\/li><li>den kompetens som kr\u00e4vs f\u00f6r att utf\u00f6ra arbetet<\/li><li>godk\u00e4nnande av det lokala brandf\u00f6rsvaret.<\/li><\/ul>\n\n\n\n<p><strong>Kontrollera nya sotningsakt\u00f6rer!<\/strong><br>Det f\u00f6rekommer telefonf\u00f6rs\u00e4ljning av sotningstj\u00e4nster. Om du f\u00e5r ett samtal eller ett utskick av n\u00e5gon som uppger sig vara sotare \u2013 kontrollera d\u00e5 att det verkligen \u00e4r sotningsentrepren\u00f6ren i kommunen. Sotning av ej godk\u00e4nda akt\u00f6rer kan vara kostsamt i b\u00e5de det korta och l\u00e5nga loppet \u2013 d\u00e5 det finns en risk att husf\u00f6rs\u00e4kringen inte l\u00e4ngre g\u00e4ller.<\/p>\n","protected":false},"excerpt":{"rendered":"<p>Du som \u00e4r lagfaren \u00e4gare till fastigheten har m\u00f6jlighet att utf\u00f6ra sotningen sj\u00e4lv \u2013 s\u00e5 kallad egensotning. Detta st\u00e4ller dock krav p\u00e5 att du har tillr\u00e4ckliga kunskaper f\u00f6r att p\u00e5 egen hand utf\u00f6ra sotningen\/reng\u00f6ringen. En s\u00e4rskild ans\u00f6kan kring egensotning, d\u00e4r du ocks\u00e5 styrker kompetensen, m\u00e5ste vanligen skickas in till kommunen f\u00f6r beslut innan du kan [&hellip;]<\/p>\n","protected":false},"author":1,"featured_media":0,"parent":3325,"menu_order":0,"comment_status":"closed","ping_status":"closed","template":"page-tips.php","meta":{"_acf_changed":false,"_et_pb_use_builder":"","_et_pb_old_content":"","_et_gb_content_width":"","footnotes":""},"class_list":["post-3430","page","type-page","status-publish","hentry"],"acf":[],"_links":{"self":[{"href":"https:\/\/utvecklingsweb.se\/sandviken\/wp-json\/wp\/v2\/pages\/3430","targetHints":{"allow":["GET"]}}],"collection":[{"href":"https:\/\/utvecklingsweb.se\/sandviken\/wp-json\/wp\/v2\/pages"}],"about":[{"href":"https:\/\/utvecklingsweb.se\/sandviken\/wp-json\/wp\/v2\/types\/page"}],"author":[{"embeddable":true,"href":"https:\/\/utvecklingsweb.se\/sandviken\/wp-json\/wp\/v2\/users\/1"}],"replies":[{"embeddable":true,"href":"https:\/\/utvecklingsweb.se\/sandviken\/wp-json\/wp\/v2\/comments?post=3430"}],"version-history":[{"count":0,"href":"https:\/\/utvecklingsweb.se\/sandviken\/wp-json\/wp\/v2\/pages\/3430\/revisions"}],"up":[{"embeddable":true,"href":"https:\/\/utvecklingsweb.se\/sandviken\/wp-json\/wp\/v2\/pages\/3325"}],"wp:attachment":[{"href":"https:\/\/utvecklingsweb.se\/sandviken\/wp-json\/wp\/v2\/media?parent=3430"}],"curies":[{"name":"wp","href":"https:\/\/api.w.org\/{rel}","templated":true}]}}