{"id":3431,"date":"2025-05-09T08:07:00","date_gmt":"2025-05-09T06:07:00","guid":{"rendered":"https:\/\/utvecklingsweb.se\/sandviken\/tips-och-rad\/vad-sager-lagen\/"},"modified":"2025-05-09T08:07:00","modified_gmt":"2025-05-09T06:07:00","slug":"vad-sager-lagen","status":"publish","type":"page","link":"https:\/\/utvecklingsweb.se\/sandviken\/tips-och-rad\/vad-sager-lagen\/","title":{"rendered":"Vad s\u00e4ger lagen?"},"content":{"rendered":"\n<p><strong>Sotarens och brandskyddskontrollantens arbete utg\u00e5r i huvudsak ifr\u00e5n Lagen och f\u00f6rordningen om skydd mot olyckor som inf\u00f6rdes 2004. Regelverket har i sin tur koppling till bland annat Plan- och bygglagen, som t ex fastst\u00e4ller vad som g\u00e4ller n\u00e4r du ska bygga om eldstaden eller installera en ny. Du beh\u00f6ver d\u00e5 anm\u00e4la detta till byggnadsn\u00e4mnden i kommunen. Du f\u00e5r inte elda innan du f\u00e5tt ditt slutbesked fr\u00e5n byggnadsn\u00e4mnden.<\/strong><\/p>\n\n\n\n<p>Andra f\u00f6r\u00e4ndringar som kan p\u00e5verka sotnings- eller kontrollfristerna ska anm\u00e4las till skorstensfejarm\u00e4staren. Byte av br\u00e4nsleslag eller f\u00f6r\u00e4ndrade eldningsf\u00f6rh\u00e5llanden \u00e4r s\u00e5dana exempel. Du kan l\u00e4sa mer om lagkrav p\u00e5 eldstaden under avsnittet \u201cInstallera och underh\u00e5lla\u201d <a href=\"https:\/\/utvecklingsweb.se\/tips-och-rad\/installera-och-underhalla\/\" class=\"rank-math-link\">h\u00e4r.<\/a><\/p>\n\n\n\n<p>MSB:s f\u00f6rfattningssamling 2014:6 (som du kan l\u00e4sa som pdf <a href=\"https:\/\/sotarentipsar.se\/wp-content\/uploads\/2021\/04\/MSBFS-2014.pdf\" class=\"rank-math-link\">h\u00e4r<\/a>) utg\u00e5r ifr\u00e5n reng\u00f6ring\/sotning och brandskyddskontroll. H\u00e4r fastst\u00e4lls vilka kunskapskrav som ska finnas p\u00e5 den som sotar eller kontrollerar, och vilka frister eller intervaller som ska g\u00e4lla. I f\u00f6rfattningssamlingen finns ocks\u00e5 r\u00e5d och riktlinjer \u2013 t ex vad som g\u00e4ller fastighets\u00e4garen sj\u00e4lv.<\/p>\n\n\n\n<p><strong>Gl\u00f6m inte spisfl\u00e4kten!<\/strong><br>Att sotning och brandskyddskontroll \u00e4r reglerat i lag \u2013 och \u00e5tf\u00f6ljt av systematiserade bes\u00f6k av utsett sotningsf\u00f6retag \u2013 tar dock inte bort ansvaret fr\u00e5n fastighets\u00e4garen. Fortfarande vilar en hel del p\u00e5 husets \u00e4gare, t ex vad som g\u00e4ller fastighetens imkanaler. Med de lag\u00e4ndringar som inf\u00f6rdes i slutet av 1990-talet togs den tidigare sotningspliktiga k\u00f6ksfl\u00e4kten och dess kanalsystem bort fr\u00e5n sotarens arbetsuppgifter. Det inneb\u00e4r att du som fastighets\u00e4gare sj\u00e4lv m\u00e5ste h\u00e5lla koll p\u00e5 att spisfl\u00e4kt och tillh\u00f6rande system \u00e4r rengjorda, s\u00e5 att inte fett och brandfarliga bel\u00e4ggningar kan skapa brand och eldspridning.<\/p>\n\n\n\n<p><strong>Ditt ansvar som fastighets\u00e4gare<\/strong><br>Alla fastighets\u00e4gare har ett eget ansvar att sk\u00f6ta sin eldstad. Den ska underh\u00e5llas s\u00e5 att det inte uppst\u00e5r risk f\u00f6r brandspridning. Aska och sot ska f\u00f6rvaras p\u00e5 obr\u00e4nnbart underlag i exempelvis pl\u00e5tk\u00e4rl, med ett t\u00e4tt lock. <br>Det finns ocks\u00e5 riktlinjer f\u00f6r hur man b\u00f6r elda \u2013 vad som eldas och hur mycket. Mer om s\u00e4ker eldning kan du l\u00e4sa under v\u00e5rt avsnitt Elda r\u00e4tt, som du <a href=\"https:\/\/utvecklingsweb.se\/tips-och-rad\/vedeldning-i-lokaleldstad\/\" class=\"rank-math-link\">hittar h\u00e4r.<\/a><\/p>\n\n\n\n<p><strong>T\u00e4nk p\u00e5 taks\u00e4kerheten!<\/strong><br>En annan viktig del \u00e4r de regelverk som ber\u00f6r fastighets\u00e4garens ansvar f\u00f6r sotare, hantverkare och andra ber\u00f6rda som kan t\u00e4nkas beh\u00f6va tilltr\u00e4de till fastigheten. H\u00e4r finns t ex krav p\u00e5 anordningar intill och p\u00e5 taket, f\u00f6r att f\u00f6rebygga fallolyckor med mera. Om sotaren eller brandskyddskontrollanten av arbetsmilj\u00f6sk\u00e4l inte kan g\u00e5 upp p\u00e5 taket, s\u00e5 medf\u00f6r det att arbetet inte kan slutf\u00f6ras. F\u00f6r att undvika ombes\u00f6k, med tillh\u00f6rande kostnad, kan du g\u00e4rna p\u00e5 f\u00f6rhand kontrollera n\u00e5gra av de viktiga punkterna kring taks\u00e4kerhet. Mer om vad du b\u00f6r t\u00e4nka p\u00e5 inf\u00f6r sotning och brandskyddskontroll hittar du p\u00e5 sidan <a href=\"https:\/\/utvecklingsweb.se\/tips-och-rad\/forbereda-infor-sotarens-besok\/\" class=\"rank-math-link\">F\u00f6rberedelser inf\u00f6r sotarens bes\u00f6k. <\/a><\/p>\n","protected":false},"excerpt":{"rendered":"<p>Sotarens och brandskyddskontrollantens arbete utg\u00e5r i huvudsak ifr\u00e5n Lagen och f\u00f6rordningen om skydd mot olyckor som inf\u00f6rdes 2004. Regelverket har i sin tur koppling till bland annat Plan- och bygglagen, som t ex fastst\u00e4ller vad som g\u00e4ller n\u00e4r du ska bygga om eldstaden eller installera en ny. Du beh\u00f6ver d\u00e5 anm\u00e4la detta till byggnadsn\u00e4mnden i [&hellip;]<\/p>\n","protected":false},"author":1,"featured_media":0,"parent":3325,"menu_order":0,"comment_status":"closed","ping_status":"closed","template":"page-tips.php","meta":{"_acf_changed":false,"_et_pb_use_builder":"","_et_pb_old_content":"","_et_gb_content_width":"","footnotes":""},"class_list":["post-3431","page","type-page","status-publish","hentry"],"acf":[],"_links":{"self":[{"href":"https:\/\/utvecklingsweb.se\/sandviken\/wp-json\/wp\/v2\/pages\/3431","targetHints":{"allow":["GET"]}}],"collection":[{"href":"https:\/\/utvecklingsweb.se\/sandviken\/wp-json\/wp\/v2\/pages"}],"about":[{"href":"https:\/\/utvecklingsweb.se\/sandviken\/wp-json\/wp\/v2\/types\/page"}],"author":[{"embeddable":true,"href":"https:\/\/utvecklingsweb.se\/sandviken\/wp-json\/wp\/v2\/users\/1"}],"replies":[{"embeddable":true,"href":"https:\/\/utvecklingsweb.se\/sandviken\/wp-json\/wp\/v2\/comments?post=3431"}],"version-history":[{"count":0,"href":"https:\/\/utvecklingsweb.se\/sandviken\/wp-json\/wp\/v2\/pages\/3431\/revisions"}],"up":[{"embeddable":true,"href":"https:\/\/utvecklingsweb.se\/sandviken\/wp-json\/wp\/v2\/pages\/3325"}],"wp:attachment":[{"href":"https:\/\/utvecklingsweb.se\/sandviken\/wp-json\/wp\/v2\/media?parent=3431"}],"curies":[{"name":"wp","href":"https:\/\/api.w.org\/{rel}","templated":true}]}}