{"id":3432,"date":"2025-05-09T08:07:01","date_gmt":"2025-05-09T06:07:01","guid":{"rendered":"https:\/\/utvecklingsweb.se\/sandviken\/tips-och-rad\/forbereda-infor-sotarens-besok\/"},"modified":"2025-05-09T08:07:01","modified_gmt":"2025-05-09T06:07:01","slug":"forbereda-infor-sotarens-besok","status":"publish","type":"page","link":"https:\/\/utvecklingsweb.se\/sandviken\/tips-och-rad\/forbereda-infor-sotarens-besok\/","title":{"rendered":"F\u00f6rbereda inf\u00f6r sotarens bes\u00f6k"},"content":{"rendered":"\n<p><strong>F\u00f6r att sotaren\/brandskontrollanten ska kunna utf\u00f6ra sitt uppdrag enligt de f\u00f6reskrifter som finns i Lagen om skydd mot olyckor, beh\u00f6ver du som fastighets\u00e4gare g\u00f6ra n\u00e5gra f\u00f6rberedelser. D\u00e4rmed hj\u00e4lper du sotaren att g\u00f6ra sitt jobb s\u00e5 s\u00e4kert och bra som m\u00f6jligt. Samtidigt blir bes\u00f6ket f\u00f6r dig smidigare och snabbare utf\u00f6rt.<\/strong><\/p>\n\n\n\n<p>Att sotningen och brandskyddkontrollen sker noggrannt \u00e4r en sj\u00e4lvklarhet. D\u00e4rf\u00f6r kan det ibland ocks\u00e5 ta tid. Men det finns en hel del tid att spara genom att sotaren enkelt kan komma \u00e5t de objekt som ska sotas. D\u00e4rmed hj\u00e4lper du ocks\u00e5 din granne, som d\u00e5 inte beh\u00f6ver v\u00e4nta l\u00e4ngre \u00e4n n\u00f6dv\u00e4ndigt p\u00e5 sotarens bes\u00f6k. Det \u00e4r ocks\u00e5 s\u00e5 sotningstaxan \u00e4r uppbyggd \u2013 genom att hinna med ett visst antal hus i samma omr\u00e5de p\u00e5 samma dag, s\u00e5 kan kostnaden h\u00e5llas s\u00e5 l\u00e5g som m\u00f6jligt.<\/p>\n\n\n\n<ul class=\"wp-block-list\"><li>F\u00f6rst och fr\u00e4mst: se till att sotaren kan komma in i din fastighet p\u00e5 aviserad tid. Om du inte har m\u00f6jlighet att vara hemma under planerat tidsintervall \u2013 g\u00f6r upp i f\u00f6rv\u00e4g om tilltr\u00e4de. En granne kanske kan sl\u00e4ppa in sotaren, eller att du l\u00e4mnar nycklarna f\u00f6r upph\u00e4mtning.<\/li><\/ul>\n\n\n\n<ul class=\"wp-block-list\"><li>St\u00e4ll fram stegen f\u00f6r sotaren. F\u00f6r god arbetsmilj\u00f6 och s\u00e4kerhet ska stege, takstege och glidskydd vara i bra skick (se \u00e4ven information l\u00e4ngre ned p\u00e5 sidan). Vintertid ska v\u00e4gen fram till stegen vara skottad. Kom \u00e4ven ih\u00e5g att skotta fram stegen p\u00e5 taket.<\/li><\/ul>\n\n\n\n<ul class=\"wp-block-list\"><li>Se till att skydda k\u00e4nsliga ytor p\u00e5 sotarens v\u00e4g till och fr\u00e5n eldstaden. Sotaren kommer att vara s\u00e5 f\u00f6rsiktig som m\u00f6jligt, men l\u00e4gg g\u00e4rna fram tidningar eller skyddspapper framf\u00f6r eldstaden f\u00f6r att undvika on\u00f6dig nedsmutsning.<\/li><\/ul>\n\n\n\n<ul class=\"wp-block-list\"><li>Hj\u00e4lp sotaren att f\u00e5 fri v\u00e4g fram till sotningsobjektet. Plocka bort f\u00f6rem\u00e5l s\u00e5 som f\u00f6rugn, pelletsbr\u00e4nnare och andra l\u00f6sa f\u00f6rem\u00e5l.<\/li><\/ul>\n\n\n\n<ul class=\"wp-block-list\"><li>Om det finns \u00f6mt\u00e5liga eller v\u00e4rdefulla ting intill eldstaden, st\u00e4ll g\u00e4rna undan dessa. Sotarens redskap \u00e4r l\u00e5nga och otympliga \u2013 och kan i v\u00e4rsta fall st\u00f6ta till och medf\u00f6ra skada eller nedsmutsning.<\/li><\/ul>\n\n\n\n<ul class=\"wp-block-list\"><li>Vid brandskyddskontroll: tillse att sotaren har fri passage runt skorstenen inom hela fastigheten \u2013 g\u00e4ller s\u00e5ledes \u00e4ven vindsutrymmen och pannrum.<\/li><\/ul>\n\n\n\n<ul class=\"wp-block-list\"><li>Eldstaden beh\u00f6ver vara nedsl\u00e4ckt inf\u00f6r bes\u00f6ket. Det \u00e4r bra om du kan undvika att elda i eldstaden samma dag som sotaren ska komma. <\/li><\/ul>\n\n\n\n<ul class=\"wp-block-list\"><li>Ta fram sopskyffel samt k\u00e4rl i pl\u00e5t med ett t\u00e4tt lock f\u00f6r att f\u00f6rvara sotet i.<\/li><li>Om det inte finns eluttag vid eldstaden, dra fram en skarvsladd f\u00f6r skorstensfejarens sotsug.<\/li><\/ul>\n\n\n\n<h2 class=\"wp-block-heading\">\u2026gl\u00f6m inte taks\u00e4kerheten!<\/h2>\n\n\n\n<p><strong>Ut\u00f6ver sotningen ska brandskyddskontroll utf\u00f6ras. F\u00f6r att sotaren och brandskyddskontrollanten ska kunna utf\u00f6ra sitt arbete tryggt och s\u00e4kert \u00e4r det viktigt att du som fastighets\u00e4gare t\u00e4nker p\u00e5 taks\u00e4kerheten. <\/strong><\/p>\n\n\n\n<p>Brister i taks\u00e4kerheten kan leda till att sotaren eller brandskyddkontrollanten inte kan g\u00f6ra sitt arbete p\u00e5 taket. D\u00e4rmed finns risken att sotningen eller kontrollen inte kan slutf\u00f6ras vid bes\u00f6ket. F\u00f6r att undvika ombes\u00f6k, med tillh\u00f6rande kostnad, kan du i f\u00f6rv\u00e4g sj\u00e4lv unders\u00f6ka n\u00e5gra viktiga punkter kring taks\u00e4kerheten:&nbsp;<\/p>\n\n\n\n<div style=\"height:16px\" aria-hidden=\"true\" class=\"wp-block-spacer\"><\/div>\n\n\n\n<ul class=\"wp-block-list\"><li>Om markstege ska anv\u00e4ndas f\u00f6r \u00e5tkomst till taket m\u00e5ste ett glidskydd finnas, s\u00e5 att stegen inte kan glida \u00e5t sidan eller bak\u00e5t. Glidskyddet ska f\u00f6rankras i en fast byggnadsdel och inte i h\u00e4ngr\u00e4nnan. Detta eftersom h\u00e4ngr\u00e4nnan ofta inte klarar h\u00e5llfasthetskravet p\u00e5 150 kg.<\/li><li>Om byggnadens fasadh\u00f6jd \u00e4r l\u00e4gre \u00e4n 4 meter kan l\u00f6s markstege till\u00e4mpas f\u00f6r tilltr\u00e4de till taket. Om h\u00f6jden \u00e4r \u00f6ver 4 meter b\u00f6r tilltr\u00e4det kunna ske via en fast f\u00f6rankrad fasadstege, eller genom inv\u00e4ndig uppg\u00e5ng via taklucka.<\/li><li>Best\u00e5r takstegen av s\u00e5 kallade l\u00f6sa taksteg, s\u00e5 m\u00e5ste de vara installerade enligt de instruktioner som tillverkaren angivit, samt f\u00f6lja en rak linje. Denna typ av takstege \u00e4r vanligen godk\u00e4nd f\u00f6r hus med en fasadh\u00f6jd upp till 4 meter, samt vid taklutning under 45 grader.<\/li><li>Befintliga takstegar beh\u00f6ver vara fast monterade i b\u00e4rande byggnadsdelar \u2013 med minst 4 inf\u00e4stningspunkter (upp och nedtill).<\/li><li>Till\u00e4mpas utv\u00e4ndig uppg\u00e5ng ska det efter markstege och glidskydd finnas b\u00e4rl\u00e4ktsteg eller takstege f\u00f6r v\u00e4gen fram till skorstenen.<\/li><li>Vid inv\u00e4ndig uppg\u00e5ng, via taklucka, ska det finnas en brygga p\u00e5 taket fram till skorstenen \u2013 om det \u00e4r \u00f6ver en meter dit. <\/li><li>S\u00e5 kallade l\u00f6sa taksteg, monterade i sidled, f\u00e5r inte ers\u00e4tta en takbrygga.<\/li><\/ul>\n\n\n\n<p><strong>Vill du ha f\u00f6rdjupad information \u2013 med ytterligare m\u00e5tt och anvisningar f\u00f6r s\u00e4kerhet p\u00e5 tak, bes\u00f6k <a href=\"http:\/\/www.taksakerhet.se\" class=\"rank-math-link\">taksakerhet.se<\/a><\/strong><\/p>\n","protected":false},"excerpt":{"rendered":"<p>F\u00f6r att sotaren\/brandskontrollanten ska kunna utf\u00f6ra sitt uppdrag enligt de f\u00f6reskrifter som finns i Lagen om skydd mot olyckor, beh\u00f6ver du som fastighets\u00e4gare g\u00f6ra n\u00e5gra f\u00f6rberedelser. D\u00e4rmed hj\u00e4lper du sotaren att g\u00f6ra sitt jobb s\u00e5 s\u00e4kert och bra som m\u00f6jligt. Samtidigt blir bes\u00f6ket f\u00f6r dig smidigare och snabbare utf\u00f6rt. Att sotningen och brandskyddkontrollen sker noggrannt [&hellip;]<\/p>\n","protected":false},"author":1,"featured_media":0,"parent":3325,"menu_order":0,"comment_status":"closed","ping_status":"closed","template":"page-tips.php","meta":{"_acf_changed":false,"_et_pb_use_builder":"","_et_pb_old_content":"","_et_gb_content_width":"","footnotes":""},"class_list":["post-3432","page","type-page","status-publish","hentry"],"acf":[],"_links":{"self":[{"href":"https:\/\/utvecklingsweb.se\/sandviken\/wp-json\/wp\/v2\/pages\/3432","targetHints":{"allow":["GET"]}}],"collection":[{"href":"https:\/\/utvecklingsweb.se\/sandviken\/wp-json\/wp\/v2\/pages"}],"about":[{"href":"https:\/\/utvecklingsweb.se\/sandviken\/wp-json\/wp\/v2\/types\/page"}],"author":[{"embeddable":true,"href":"https:\/\/utvecklingsweb.se\/sandviken\/wp-json\/wp\/v2\/users\/1"}],"replies":[{"embeddable":true,"href":"https:\/\/utvecklingsweb.se\/sandviken\/wp-json\/wp\/v2\/comments?post=3432"}],"version-history":[{"count":0,"href":"https:\/\/utvecklingsweb.se\/sandviken\/wp-json\/wp\/v2\/pages\/3432\/revisions"}],"up":[{"embeddable":true,"href":"https:\/\/utvecklingsweb.se\/sandviken\/wp-json\/wp\/v2\/pages\/3325"}],"wp:attachment":[{"href":"https:\/\/utvecklingsweb.se\/sandviken\/wp-json\/wp\/v2\/media?parent=3432"}],"curies":[{"name":"wp","href":"https:\/\/api.w.org\/{rel}","templated":true}]}}