{"id":3436,"date":"2025-05-09T08:07:03","date_gmt":"2025-05-09T06:07:03","guid":{"rendered":"https:\/\/utvecklingsweb.se\/sandviken\/tips-och-rad\/vedeldning-i-lokaleldstad\/"},"modified":"2025-05-09T08:07:03","modified_gmt":"2025-05-09T06:07:03","slug":"vedeldning-i-lokaleldstad","status":"publish","type":"page","link":"https:\/\/utvecklingsweb.se\/sandviken\/tips-och-rad\/vedeldning-i-lokaleldstad\/","title":{"rendered":"Vedeldning i lokaleldstad"},"content":{"rendered":"\n<p>Kanske har du nyligen haft sotaren eller brandskyddskontrollanten p\u00e5 bes\u00f6k \u2013 och k\u00e4nner dig trygg i att eldstaden \u00e4r b\u00e5de rengjord och kontrollerad utifr\u00e5n eventuella sprickbildningar eller dylikt? Men att elda tryggt och s\u00e4kert handlar ocks\u00e5 om det egna handhavandet. Det finns n\u00e5gra punkter du kan t\u00e4nka lite extra p\u00e5. Ett vanligt riskmoment, s\u00e4rskilt m\u00f6rka och kallar vinterkv\u00e4llar, \u00e4r att man r\u00e5kar elda lite f\u00f6r h\u00e5rt. F\u00f6r mycket ved och f\u00f6r intensiv eld kan g\u00f6ra eldstaden eller r\u00f6kkanalen \u00f6verhettad, s\u00e5 att str\u00e5lningsv\u00e4rmen ant\u00e4nder kringliggande material. Ett inledande tips \u00e4r d\u00e4rf\u00f6r att unders\u00f6ka vad som anges i bruksanvisningen f\u00f6r din eldstad. Varje eldstad har sin rekommenderade gr\u00e4nsniv\u00e5 \u2013 vanligen max 3 kg ved i timmen. En annan tumregel \u00e4r att l\u00e5ta eldstaden vila lika l\u00e4nge som du anv\u00e4nt den. Elda tv\u00e5 timmar \u2013 vila tv\u00e5.<\/p>\n\n\n\n<p><strong>Att t\u00e4nka p\u00e5 vid vedeldning i lokaleldstad: <\/strong><\/p>\n\n\n\n<ul class=\"wp-block-list\"><li>Anv\u00e4nd torr ved i l\u00e4mplig storlek.<\/li><li>T\u00e4nd i toppen, s\u00e5 undviker du on\u00f6diga utsl\u00e4pp<\/li><li>Max 3 kg ved i timmen (s\u00e5vida inte manualen s\u00e4ger annat)<\/li><li>L\u00e5t eldstaden vila \u2013 lika l\u00e4nge som den varit aktiv!<\/li><li>R\u00e4tt m\u00e4ngd f\u00f6rbr\u00e4nningsluft g\u00f6r att elden brinner med klara och livliga l\u00e5gor.<\/li><li>Kontrollera r\u00f6ken. Den ska vara klar och genomskinlig, inte svart.<\/li><li>Kontrollera r\u00f6kgastemperaturen \u00f6ver tid. Den ska inte \u00f6verstiga 350\u00b0C, annat \u00e4n vid kortare tillf\u00e4llen \u2013 t ex just n\u00e4r brasan t\u00e4nds eller n\u00e4r syre p\u00e5 olika s\u00e4tt tillf\u00f6rs. En r\u00f6kgastermometer \u00e4r en bra investering!<\/li><li>L\u00e4gg sot och aska i en pl\u00e5think med lock. Placera den p\u00e5 ett underlag som inte \u00e4r br\u00e4nnbart.<\/li><li>Pyrelda inte.<\/li><\/ul>\n\n\n\n<p><strong>Har du r\u00e4tt ved?<\/strong><br>Veden ska vara torr (ca 18% fukthalt). Den b\u00f6r vara lagrad torrt och luftigt minst ett \u00e5r (inte under en presenning). Den ska ocks\u00e5 vara \u201clagom stor\u201d \u2013 kapad i l\u00e4mplig l\u00e4ngd och kluven. Vid uppt\u00e4ndning kr\u00e4vs ofta t\u00e4ndved d.v.s. stickor och tunnare vedtr\u00e4n. <\/p>\n\n\n\n<p><strong>L\u00e4r k\u00e4nna din eldstad \u2013 och se till att ha r\u00e4tt m\u00e4ngd f\u00f6rbr\u00e4nningsluft<\/strong><br>N\u00e4r du eldar g\u00e4ller det att ha koll p\u00e5 eldens syretillf\u00f6rsel, s\u00e5 att det \u00e4r lagom m\u00e4ngd. F\u00f6rbr\u00e4nningsluften regleras p\u00e5 olika s\u00e4tt i olika eldst\u00e4der. L\u00e4r k\u00e4nna din egen eldstad. Har du bruksanvisning tillg\u00e4nglig \u00e4r det bra att ta del av den. Ut\u00f6ver punkterna i inledningen p\u00e5 denna sida, se g\u00e4rna videol\u00e4nkar h\u00e4r intill med steg-f\u00f6r-steg hur du t\u00e4nder den perfekta brasan \u2013 och hur du h\u00e5ller den vid liv.<\/p>\n\n\n\n<p><strong>I h\u00e4ndelse av soteld:<\/strong><\/p>\n\n\n\n<ul class=\"wp-block-list\"><li>St\u00e4ng alla luckor p\u00e5 eldstaden.<\/li><li>Ring 112 Brandk\u00e5ren.<\/li><li>Kontrollera hela tiden skorstenen i hela dess l\u00e4ngd \u2013 speciellt vid bj\u00e4lklagsgenomg\u00e5ngarna och p\u00e5 vinden samt taket, d\u00e4r gnistor fr\u00e5n skorstenen kan bl\u00e5sa in under trasiga tegelpannor.<\/li><li>Ring sotningsdistriktet och best\u00e4ll en besiktning av skorstenen. Vid soteld kan en skorsten bli ot\u00e4t. Skorstenens isolering kan ocks\u00e5 bli f\u00f6rst\u00f6rd, vilket kan leda till framtida \u00f6verhettning och ant\u00e4ndning av intilliggande material. <\/li><\/ul>\n","protected":false},"excerpt":{"rendered":"<p>Kanske har du nyligen haft sotaren eller brandskyddskontrollanten p\u00e5 bes\u00f6k \u2013 och k\u00e4nner dig trygg i att eldstaden \u00e4r b\u00e5de rengjord och kontrollerad utifr\u00e5n eventuella sprickbildningar eller dylikt? Men att elda tryggt och s\u00e4kert handlar ocks\u00e5 om det egna handhavandet. Det finns n\u00e5gra punkter du kan t\u00e4nka lite extra p\u00e5. Ett vanligt riskmoment, s\u00e4rskilt m\u00f6rka [&hellip;]<\/p>\n","protected":false},"author":1,"featured_media":0,"parent":3325,"menu_order":0,"comment_status":"closed","ping_status":"closed","template":"page-tips.php","meta":{"_acf_changed":false,"_et_pb_use_builder":"","_et_pb_old_content":"","_et_gb_content_width":"","footnotes":""},"class_list":["post-3436","page","type-page","status-publish","hentry"],"acf":[],"_links":{"self":[{"href":"https:\/\/utvecklingsweb.se\/sandviken\/wp-json\/wp\/v2\/pages\/3436","targetHints":{"allow":["GET"]}}],"collection":[{"href":"https:\/\/utvecklingsweb.se\/sandviken\/wp-json\/wp\/v2\/pages"}],"about":[{"href":"https:\/\/utvecklingsweb.se\/sandviken\/wp-json\/wp\/v2\/types\/page"}],"author":[{"embeddable":true,"href":"https:\/\/utvecklingsweb.se\/sandviken\/wp-json\/wp\/v2\/users\/1"}],"replies":[{"embeddable":true,"href":"https:\/\/utvecklingsweb.se\/sandviken\/wp-json\/wp\/v2\/comments?post=3436"}],"version-history":[{"count":0,"href":"https:\/\/utvecklingsweb.se\/sandviken\/wp-json\/wp\/v2\/pages\/3436\/revisions"}],"up":[{"embeddable":true,"href":"https:\/\/utvecklingsweb.se\/sandviken\/wp-json\/wp\/v2\/pages\/3325"}],"wp:attachment":[{"href":"https:\/\/utvecklingsweb.se\/sandviken\/wp-json\/wp\/v2\/media?parent=3436"}],"curies":[{"name":"wp","href":"https:\/\/api.w.org\/{rel}","templated":true}]}}