{"id":3438,"date":"2025-05-09T08:07:04","date_gmt":"2025-05-09T06:07:04","guid":{"rendered":"https:\/\/utvecklingsweb.se\/sandviken\/tips-och-rad\/att-elda-med-pellets\/"},"modified":"2025-05-09T08:07:04","modified_gmt":"2025-05-09T06:07:04","slug":"att-elda-med-pellets","status":"publish","type":"page","link":"https:\/\/utvecklingsweb.se\/sandviken\/tips-och-rad\/att-elda-med-pellets\/","title":{"rendered":"Att elda med pellets"},"content":{"rendered":"\n<p id=\"block-2f0f332d-97f9-4a09-ae6a-f58bf050d1b8\">Pellets tillverkas helt utan tillsatser och \u00e4r ett br\u00e4nsle som f\u00f6rbr\u00e4nns i sm\u00e5 m\u00e4ngder under h\u00f6g temperatur. N\u00e5got som minskar utsl\u00e4ppen och belastningen p\u00e5 milj\u00f6n. Pellets kan anv\u00e4ndas i olika typer av eldst\u00e4der \u2013 b\u00e5de i pannor och i lokaleldst\u00e4der \u2013 och \u00e4r ett mycket energirikt br\u00e4nsle. Eldar du pellets i v\u00e4rmepanna s\u00e5 r\u00e4cker det ofta med en dryg liter f\u00f6r att vintertid v\u00e4rma upp en normalstor villa under en timme.<br>Pellets \u00e4r en bra l\u00f6sning f\u00f6r villa\u00e4gare med en olje- eller kombipanna i k\u00e4llaren, men det finns ocks\u00e5 nya pannor som \u00e4r speciellt konstruerade f\u00f6r pelletseldning. V\u00e4ljer du att ha kvar din gamla oljepanna byter du helt enkelt ut oljebr\u00e4nnaren mot en pelletsbr\u00e4nnare. \u00c4ven hus\u00e4gare som satsat p\u00e5 vedeldning med en bra panna och ackumulatortank kan l\u00e4tt g\u00e5 \u00f6ver till eldning med pellets. Det finns flera olika l\u00f6sningar f\u00f6r hur pannan kan byggas om och kostnaden blir ofta relativt l\u00e5g.<\/p>\n\n\n\n<p id=\"block-5fbabdce-25ca-4a99-bd16-4b8aa57c5217\"><strong>Att kombinera energik\u00e4llorna<\/strong><br>Inte ens i hus med direktverkande el \u00e4r eldning med pellets en om\u00f6jlighet. L\u00f6sningen heter d\u00e5 pelletskamin. Med en central placering i ett hus kan kaminen ers\u00e4tta stora delar av uppv\u00e4rmningselen, medan varmvattnet v\u00e4rms som tidigare. Flera kaminer har termostatdrift som g\u00f6r det m\u00f6jligt att st\u00e4lla in \u00f6nskad temperatur, vilken bibeh\u00e5lls s\u00e5 l\u00e4nge det finns pellets i magasinet.<\/p>\n\n\n\n<p id=\"block-c0f961ce-7ded-4695-b7db-0c6d626f3004\"><strong>Mycket sk\u00f6ter sig sj\u00e4lvt<br><\/strong>Att elda med pellets \u00e4r bekv\u00e4mt \u2013 men kr\u00e4ver en del underh\u00e5ll. Br\u00e4nnaren skruvar in pellets fr\u00e5n br\u00e4nslelagret till ett litet mellanlager varifr\u00e5n en skruv f\u00f6r in br\u00e4nslet i br\u00e4nnaren. Pelletsbr\u00e4nnaren beh\u00f6ver g\u00f6ras ren ungef\u00e4r en g\u00e5ng i m\u00e5naden och askan kan beh\u00f6va t\u00f6mmas flera g\u00e5nger i veckan. Man beh\u00f6ver f\u00f6rst\u00e5s se till att det hela tiden finns pellets hemma. T\u00e4nk p\u00e5 att pellets tar ganska mycket plats och att s\u00e4ckarna \u00e4r tunga och otympliga. N\u00e5got som kan beh\u00f6va tas i beaktande, inte minst ur ergonomisk synpunkt.<\/p>\n\n\n\n<p id=\"block-3bcb360e-5300-458f-8b9c-8cc4260c90da\"><strong>Att k\u00f6pa pellets<br><\/strong>Det f\u00f6retag som installerar din utrustning eller pelletsleverant\u00f6ren kan informera om doseringen. Ink\u00f6pen av pellets kan g\u00e5 till p\u00e5 olika s\u00e4tt. Det g\u00e5r att k\u00f6pa br\u00e4nslet i l\u00f6svikt hos tillverkaren, men vanligt \u00e4r att villa\u00e4gare f\u00e5r pellets levererat i stors\u00e4ckar, p\u00e5 pall eller via bulkbil. F\u00f6r dig som t\u00e4nker elda med pellets \u00e4r det en f\u00f6rdel om huset har ett rej\u00e4lt pannrum, eller n\u00e5got annat utrymme som passar som lager.<\/p>\n\n\n\n<ul class=\"wp-block-list\" id=\"block-ce14de67-dc15-4a8c-a520-27f6c8c69cd4\"><li>Ta alltid kontakt med skorstensfejarm\u00e4staren innan du g\u00f6r installationer f\u00f6r att elda med pellets.<\/li><li>Gl\u00f6m inte s\u00e4kerheten. Skydda ditt pelletslager \u2013 det \u00e4r ett extremt torrt br\u00e4nsle som l\u00e4tt kan ant\u00e4ndas.<\/li><\/ul>\n","protected":false},"excerpt":{"rendered":"<p>Pellets tillverkas helt utan tillsatser och \u00e4r ett br\u00e4nsle som f\u00f6rbr\u00e4nns i sm\u00e5 m\u00e4ngder under h\u00f6g temperatur. N\u00e5got som minskar utsl\u00e4ppen och belastningen p\u00e5 milj\u00f6n. Pellets kan anv\u00e4ndas i olika typer av eldst\u00e4der \u2013 b\u00e5de i pannor och i lokaleldst\u00e4der \u2013 och \u00e4r ett mycket energirikt br\u00e4nsle. Eldar du pellets i v\u00e4rmepanna s\u00e5 r\u00e4cker det [&hellip;]<\/p>\n","protected":false},"author":1,"featured_media":0,"parent":3325,"menu_order":0,"comment_status":"closed","ping_status":"closed","template":"page-tips.php","meta":{"_acf_changed":false,"_et_pb_use_builder":"","_et_pb_old_content":"","_et_gb_content_width":"","footnotes":""},"class_list":["post-3438","page","type-page","status-publish","hentry"],"acf":[],"_links":{"self":[{"href":"https:\/\/utvecklingsweb.se\/sandviken\/wp-json\/wp\/v2\/pages\/3438","targetHints":{"allow":["GET"]}}],"collection":[{"href":"https:\/\/utvecklingsweb.se\/sandviken\/wp-json\/wp\/v2\/pages"}],"about":[{"href":"https:\/\/utvecklingsweb.se\/sandviken\/wp-json\/wp\/v2\/types\/page"}],"author":[{"embeddable":true,"href":"https:\/\/utvecklingsweb.se\/sandviken\/wp-json\/wp\/v2\/users\/1"}],"replies":[{"embeddable":true,"href":"https:\/\/utvecklingsweb.se\/sandviken\/wp-json\/wp\/v2\/comments?post=3438"}],"version-history":[{"count":0,"href":"https:\/\/utvecklingsweb.se\/sandviken\/wp-json\/wp\/v2\/pages\/3438\/revisions"}],"up":[{"embeddable":true,"href":"https:\/\/utvecklingsweb.se\/sandviken\/wp-json\/wp\/v2\/pages\/3325"}],"wp:attachment":[{"href":"https:\/\/utvecklingsweb.se\/sandviken\/wp-json\/wp\/v2\/media?parent=3438"}],"curies":[{"name":"wp","href":"https:\/\/api.w.org\/{rel}","templated":true}]}}