{"id":3444,"date":"2025-05-09T08:07:07","date_gmt":"2025-05-09T06:07:07","guid":{"rendered":"https:\/\/utvecklingsweb.se\/sandviken\/tips-och-rad\/skotseltips-vad-du-sjalv-kan-gora\/"},"modified":"2025-05-09T08:07:07","modified_gmt":"2025-05-09T06:07:07","slug":"skotseltips-vad-du-sjalv-kan-gora","status":"publish","type":"page","link":"https:\/\/utvecklingsweb.se\/sandviken\/tips-och-rad\/skotseltips-vad-du-sjalv-kan-gora\/","title":{"rendered":"Sk\u00f6tseltips \u2013 vad du sj\u00e4lv kan g\u00f6ra"},"content":{"rendered":"\n<p><strong>Det finns n\u00e5gra enklare \u00e5tg\u00e4rder som du sj\u00e4lv kan utf\u00f6ra f\u00f6r en b\u00e4ttre fungerande ventilation:<\/strong><\/p>\n\n\n\n<p><strong>FILTER<\/strong><\/p>\n\n\n\n<ul class=\"wp-block-list\"><li>B\u00e5de till- och fr\u00e5nluftsfilter b\u00f6r bytas minst 2 g\u00e5nger per \u00e5r eller enligt leverant\u00f6rens anvisningar.<\/li><li>Mellan filterbyten b\u00f6r man t ex vid storst\u00e4dning, dammsuga filtren rena. T\u00e4nk bara p\u00e5 att dammsuga f\u00f6rsiktigt s\u00e5 att filtren inte skadas. <\/li><li>Det \u00e4r v\u00e4ldigt viktigt att filtren placeras p\u00e5 r\u00e4tt s\u00e4tt. Kontrollera sk\u00f6tselanvisningarna fr\u00e5n leverant\u00f6ren.<\/li><\/ul>\n\n\n\n<p><strong>FETTFILTER (vid k\u00f6ksfl\u00e4kt)<\/strong><\/p>\n\n\n\n<ul class=\"wp-block-list\"><li>Fettfiltret sitter oftast under spisk\u00e5pan i ett plastgaller. Det kan ocks\u00e5 vara av metall och sitta i en ram.<\/li><li>Det \u00e4r av flera orsaker viktigt att diska fettfiltret ofta. F\u00f6rst och fr\u00e4mst f\u00f6r att f\u00f6rhindra att fettpartiklar lossnar fr\u00e5n filtrets \u00f6versida och leder till fettansamling i imkanalen, som vid en brand p\u00e5 spisen fort kan sprida sig vidare. Det \u00e4r ocks\u00e5 viktigt att h\u00e5lla rent \u2013 s\u00e5 att det fett som filtret f\u00e5ngar upp, inte ska bli gammalt och lukta illa.<\/li><li>Handdiskmedel kan anv\u00e4ndas till alla typer av fettfilter. Maskindiskmedel d\u00e4remot kan ge en viss missf\u00e4rgning p\u00e5 filterramar av aluminium. <\/li><\/ul>\n\n\n\n<p><strong>V\u00c4RMEV\u00c4XLARE<\/strong><\/p>\n\n\n\n<ul class=\"wp-block-list\"><li>V\u00e4rmev\u00e4xlare med inbyggd motor b\u00f6r du inte reng\u00f6ra sj\u00e4lv (exempelvis roterande v\u00e4rmev\u00e4xlare).<\/li><li>En plattv\u00e4rmev\u00e4xlare med manuell \u00e5tervinning b\u00f6r reng\u00f6ras 2 g\u00e5nger per \u00e5r med hj\u00e4lp av varmt vatten och milt reng\u00f6ringsmedel. Du kan anv\u00e4nd duschen f\u00f6r bra resultat \u2013 t\u00e4nk bara p\u00e5 att skydda badkar eller duschgolv, s\u00e5 att v\u00e4rmev\u00e4xlaren inte repar underlaget.<\/li><li>Var f\u00f6rsiktig vid hanteringen av v\u00e4rmev\u00e4xlaren, s\u00e5 att lamellerna ej skadas.<\/li><li>T\u00e4nk p\u00e5 att s\u00e4tta tillbaka v\u00e4rmev\u00e4xlaren p\u00e5 samma s\u00e4tt som den satt fr\u00e5n b\u00f6rjan.<\/li><\/ul>\n\n\n\n<p><strong>FL\u00c4KTAR<\/strong><\/p>\n\n\n\n<ul class=\"wp-block-list\"><li>Fl\u00e4ktarna b\u00f6r reng\u00f6ras 1 g\u00e5ng per \u00e5r, vid reng\u00f6ring m\u00e5ste fl\u00e4ktarna plockas ner.<\/li><li>Fl\u00e4ktarna reng\u00f6rs med hj\u00e4lp av t ex en liten borste.<\/li><li>Balansvikter f\u00e5r ej flyttas p\u00e5 vid reng\u00f6ring. OBS! Vatten f\u00e5r ej spolas p\u00e5 fl\u00e4ktarna!<\/li><\/ul>\n\n\n\n<p><strong>LUFTDON<\/strong><\/p>\n\n\n\n<ul class=\"wp-block-list\"><li>Luftdon finns b\u00e5de inomhus och utomhus och b\u00f6r reng\u00f6ras 2 g\u00e5nger per \u00e5r.<\/li><li>Luftdonen kan reng\u00f6ras genom att ta bort donet (drag rakt ut) och spola det med varmt vatten. OBS! \u00c4ndra ej donets inst\u00e4llning!<\/li><\/ul>\n\n\n\n<p><strong>V\u00c4RT ATT T\u00c4NKA P\u00c5:<\/strong><\/p>\n\n\n\n<ul class=\"wp-block-list\"><li>H\u00e5ll reda p\u00e5 och f\u00f6lj sk\u00f6tsel- och bruksanvisningen till huset. Kom ih\u00e5g att l\u00e4mna \u00f6ver den till n\u00e4sta \u00e4gare.<\/li><li>Var noga med att f\u00f6lja leverant\u00f6rens sk\u00f6tselanvisningar n\u00e4r du k\u00f6pt ny utrustning.<\/li><li>F\u00f6r en dagbok kring vad som \u00e5tg\u00e4rdats i systemet och n\u00e4r. Det kan hj\u00e4lpa skorstensfejarm\u00e4staren eller reparat\u00f6ren om n\u00e5got g\u00e5r s\u00f6nder.<\/li><li>L\u00e5t en fackman besiktiga husets ventilationssystem med j\u00e4mna mellanrum. <\/li><li>F\u00f6r ytterligare information \u2013 eller hj\u00e4lp med ventilationsreng\u00f6ring \u2013&nbsp;prata g\u00e4rna med sotaren! <\/li><\/ul>\n","protected":false},"excerpt":{"rendered":"<p>Det finns n\u00e5gra enklare \u00e5tg\u00e4rder som du sj\u00e4lv kan utf\u00f6ra f\u00f6r en b\u00e4ttre fungerande ventilation: FILTER B\u00e5de till- och fr\u00e5nluftsfilter b\u00f6r bytas minst 2 g\u00e5nger per \u00e5r eller enligt leverant\u00f6rens anvisningar. Mellan filterbyten b\u00f6r man t ex vid storst\u00e4dning, dammsuga filtren rena. T\u00e4nk bara p\u00e5 att dammsuga f\u00f6rsiktigt s\u00e5 att filtren inte skadas. Det \u00e4r [&hellip;]<\/p>\n","protected":false},"author":1,"featured_media":0,"parent":3325,"menu_order":0,"comment_status":"closed","ping_status":"closed","template":"page-tips.php","meta":{"_acf_changed":false,"_et_pb_use_builder":"","_et_pb_old_content":"","_et_gb_content_width":"","footnotes":""},"class_list":["post-3444","page","type-page","status-publish","hentry"],"acf":[],"_links":{"self":[{"href":"https:\/\/utvecklingsweb.se\/sandviken\/wp-json\/wp\/v2\/pages\/3444","targetHints":{"allow":["GET"]}}],"collection":[{"href":"https:\/\/utvecklingsweb.se\/sandviken\/wp-json\/wp\/v2\/pages"}],"about":[{"href":"https:\/\/utvecklingsweb.se\/sandviken\/wp-json\/wp\/v2\/types\/page"}],"author":[{"embeddable":true,"href":"https:\/\/utvecklingsweb.se\/sandviken\/wp-json\/wp\/v2\/users\/1"}],"replies":[{"embeddable":true,"href":"https:\/\/utvecklingsweb.se\/sandviken\/wp-json\/wp\/v2\/comments?post=3444"}],"version-history":[{"count":0,"href":"https:\/\/utvecklingsweb.se\/sandviken\/wp-json\/wp\/v2\/pages\/3444\/revisions"}],"up":[{"embeddable":true,"href":"https:\/\/utvecklingsweb.se\/sandviken\/wp-json\/wp\/v2\/pages\/3325"}],"wp:attachment":[{"href":"https:\/\/utvecklingsweb.se\/sandviken\/wp-json\/wp\/v2\/media?parent=3444"}],"curies":[{"name":"wp","href":"https:\/\/api.w.org\/{rel}","templated":true}]}}