{"id":3445,"date":"2025-05-09T08:07:07","date_gmt":"2025-05-09T06:07:07","guid":{"rendered":"https:\/\/utvecklingsweb.se\/sandviken\/tips-och-rad\/olika-ventilationssystem\/"},"modified":"2025-05-09T08:07:07","modified_gmt":"2025-05-09T06:07:07","slug":"olika-ventilationssystem","status":"publish","type":"page","link":"https:\/\/utvecklingsweb.se\/sandviken\/tips-och-rad\/olika-ventilationssystem\/","title":{"rendered":"Olika ventilationssystem"},"content":{"rendered":"\n<p>Bor du i ett hus som \u00e4r byggt f\u00f6re 1970-talet kan man \u2013 med viss generalisering \u2013 s\u00e4ga att fastigheten f\u00f6rmodligen har ett mindre behov av ventilationsunderh\u00e5ll \u00e4n senare byggda hus. \u00c4ldre fastigheter kr\u00e4ver vanligen mindre underh\u00e5ll d\u00e5 ventilationen, i m\u00e5ngt och mycket, sk\u00f6ter sig sj\u00e4lv genom sj\u00e4lvdrag och ot\u00e4theter. Fr\u00e5n 1970 och fram\u00e5t byggdes villorna t\u00e4tare f\u00f6r att spara energi. Ist\u00e4llet har dessa hus, och framf\u00f6r allt byggnader fr\u00e5n 1980 och fram\u00e5t, ofta ett system av fl\u00e4ktar och kanaler som styr luftintag och utsug. H\u00e4rmed \u00e4r det viktigt att systemen kan f\u00e5 forts\u00e4tta att fungera som det var t\u00e4nkt n\u00e4r anl\u00e4ggningen togs i bruk. I takt med tiden t\u00e4pps kanaler och filter igen<br>\u2013 vilket st\u00e4ller krav p\u00e5 kontinuerligt underh\u00e5ll.<\/p>\n\n\n\n<h3 class=\"wp-block-heading\">Hur ofta b\u00f6r jag genomf\u00f6ra ventilationsreng\u00f6ring?<\/h3>\n\n\n\n<p>Behovet av hur och n\u00e4r reng\u00f6ring b\u00f6r g\u00f6ras, \u00e4r n\u00e5got som skiftar mellan olika ventilationssystem. <br>Fr\u00e5gor som ocks\u00e5 spelar in \u00e4r hur systemet \u00e4r dimensionerat. Generellt kan man s\u00e4ga att det inte b\u00f6r g\u00e5 mer \u00e4n 3\u20136 \u00e5r innan systemet kontrolleras och reng\u00f6rs. <\/p>\n\n\n\n<p>S-ventilation = sj\u00e4lvdragsventilation.<br>F-ventilation = fl\u00e4ktventilation d\u00e4r fr\u00e5nluftsfl\u00f6dena \u00e4r fl\u00e4ktstyrda.<br>FT-ventilation = fl\u00e4ktventilation d\u00e4r b\u00e5de fr\u00e5nluft- och tilluftsfl\u00f6dena \u00e4r fl\u00e4ktstyrda.<br>(FX\/FTX-ventilation = ventilation med v\u00e4rme\u00e5tervinning).<\/p>\n\n\n\n<h3 class=\"wp-block-heading\">Finns det myndighetsf\u00f6reskrifter g\u00e4llande ventilationskontroll?<\/h3>\n\n\n\n<p>Det finns inga lagkrav p\u00e5 ventilationskontroll i villor och sm\u00e5hus \u2013 s\u00e5vida det inte g\u00e4ller nyinstallation. D\u00e4remot ska offentliga lokaler som t ex skolor och v\u00e5rdlokaler, liksom flerbostadshus och kontorsbyggnader med j\u00e4mna intervaller utf\u00f6ra Obligatorisk Ventilationskontroll, OVK. Det finns speciella krav p\u00e5 hur kontrollen g\u00f6rs. Kontakta ditt sotningsf\u00f6retag om du vill veta mer. <\/p>\n","protected":false},"excerpt":{"rendered":"<p>Bor du i ett hus som \u00e4r byggt f\u00f6re 1970-talet kan man \u2013 med viss generalisering \u2013 s\u00e4ga att fastigheten f\u00f6rmodligen har ett mindre behov av ventilationsunderh\u00e5ll \u00e4n senare byggda hus. \u00c4ldre fastigheter kr\u00e4ver vanligen mindre underh\u00e5ll d\u00e5 ventilationen, i m\u00e5ngt och mycket, sk\u00f6ter sig sj\u00e4lv genom sj\u00e4lvdrag och ot\u00e4theter. Fr\u00e5n 1970 och fram\u00e5t byggdes [&hellip;]<\/p>\n","protected":false},"author":1,"featured_media":0,"parent":3325,"menu_order":0,"comment_status":"closed","ping_status":"closed","template":"page-tips.php","meta":{"_acf_changed":false,"_et_pb_use_builder":"","_et_pb_old_content":"","_et_gb_content_width":"","footnotes":""},"class_list":["post-3445","page","type-page","status-publish","hentry"],"acf":[],"_links":{"self":[{"href":"https:\/\/utvecklingsweb.se\/sandviken\/wp-json\/wp\/v2\/pages\/3445","targetHints":{"allow":["GET"]}}],"collection":[{"href":"https:\/\/utvecklingsweb.se\/sandviken\/wp-json\/wp\/v2\/pages"}],"about":[{"href":"https:\/\/utvecklingsweb.se\/sandviken\/wp-json\/wp\/v2\/types\/page"}],"author":[{"embeddable":true,"href":"https:\/\/utvecklingsweb.se\/sandviken\/wp-json\/wp\/v2\/users\/1"}],"replies":[{"embeddable":true,"href":"https:\/\/utvecklingsweb.se\/sandviken\/wp-json\/wp\/v2\/comments?post=3445"}],"version-history":[{"count":0,"href":"https:\/\/utvecklingsweb.se\/sandviken\/wp-json\/wp\/v2\/pages\/3445\/revisions"}],"up":[{"embeddable":true,"href":"https:\/\/utvecklingsweb.se\/sandviken\/wp-json\/wp\/v2\/pages\/3325"}],"wp:attachment":[{"href":"https:\/\/utvecklingsweb.se\/sandviken\/wp-json\/wp\/v2\/media?parent=3445"}],"curies":[{"name":"wp","href":"https:\/\/api.w.org\/{rel}","templated":true}]}}