{"id":3446,"date":"2025-05-09T08:07:08","date_gmt":"2025-05-09T06:07:08","guid":{"rendered":"https:\/\/utvecklingsweb.se\/sandviken\/tips-och-rad\/luftfloden-och-injustering\/"},"modified":"2025-05-09T08:07:08","modified_gmt":"2025-05-09T06:07:08","slug":"luftfloden-och-injustering","status":"publish","type":"page","link":"https:\/\/utvecklingsweb.se\/sandviken\/tips-och-rad\/luftfloden-och-injustering\/","title":{"rendered":"Luftfl\u00f6den och injustering"},"content":{"rendered":"\n<p>Ett v\u00e4l injusterat ventilationssystem \u00e4r en viktig f\u00f6ruts\u00e4ttning f\u00f6r effektiv energianv\u00e4ndning i byggnader. I samband med installation eller ombyggnad av ventilationssystemet ska alltid en injustering genomf\u00f6ras. Injustering och luftfl\u00f6den kontrolleras sedan regelbundet i samband med de obligatoriska ventilationskontrollerna (vilket i villa- och sm\u00e5hus dock endast sker vid nyinstallation). En r\u00e4tt utf\u00f6rd injustering minskar ocks\u00e5 risken f\u00f6r d\u00e5ligt inomhusklimat, ventilationsljud, fukt- och eventuella radonproblem.<\/p>\n\n\n\n<p><strong>Allt f\u00f6r l\u00e5ga fl\u00f6den<\/strong> fl\u00f6den f\u00f6rs\u00e4mrar inte bara inomhusklimatet, utan leder ofta till att fl\u00f6desbalansen p\u00e5verkas. Har ventilationssystemet mekanisk till- och fr\u00e5nluft med v\u00e4rme\u00e5tervinning, kommer \u00e5tervinningen att f\u00f6rs\u00e4mras om luftfl\u00f6dena inte \u00e4r balanserade p\u00e5 r\u00e4tt s\u00e4tt. Med ett f\u00f6r l\u00e5gt fr\u00e5nluftsfl\u00f6de sjunker temperaturen p\u00e5 tilluften, som d\u00e5 m\u00e5ste h\u00f6jas med hj\u00e4lp av k\u00f6pt energi. F\u00f6r l\u00e5gt fr\u00e5nluftsfl\u00f6de kan ocks\u00e5 inneb\u00e4ra \u00f6vertryck i byggnaden, vilket kan orsaka fukt- och m\u00f6gelproblem.<\/p>\n\n\n\n<p><strong>Om luftfl\u00f6dena \u00e4r felaktigt injusterade<\/strong> \u00e4r risken stor att problemen kompenseras genom att h\u00f6ja temperaturen, antingen i rummet (via radiatorsystemet), eller i den luft som tillf\u00f6rs via ventilationen. Allt f\u00f6r h\u00f6ga luftfl\u00f6den kan ocks\u00e5 leda till drag, som ofta kompenseras genom att h\u00f6ja temperaturen p\u00e5 den luft som tillf\u00f6rs. Mer v\u00e4rme m\u00e5ste tillf\u00f6ras, vilket leder till \u00f6kad energianv\u00e4ndning.<\/p>\n\n\n\n<p><strong>On\u00f6diga tryckfall<\/strong> \u00f6kar behovet av el till fl\u00e4ktens drift. Principen f\u00f6r injustering av ventilationssystem g\u00e5r f\u00f6renklat ut p\u00e5 att det don (anordning f\u00f6r att justera m\u00e4ngden luft) som \u00e4r l\u00e4ngst bort fr\u00e5n fl\u00e4kten ska ha s\u00e5 litet tryckfall som m\u00f6jligt. Inst\u00e4llningen p\u00e5 donen p\u00e5verkar trycket i hela systemet. Detta kan ibland vara on\u00f6digt h\u00f6gt \u2013 och d\u00e5 m\u00e5ste fl\u00e4kten arbeta extra mycket f\u00f6r att orka trycka in, eller suga ut, luften hela v\u00e4gen. D\u00e4rmed g\u00e5r det ocks\u00e5 \u00e5t mer energi, helt i on\u00f6dan. <\/p>\n","protected":false},"excerpt":{"rendered":"<p>Ett v\u00e4l injusterat ventilationssystem \u00e4r en viktig f\u00f6ruts\u00e4ttning f\u00f6r effektiv energianv\u00e4ndning i byggnader. I samband med installation eller ombyggnad av ventilationssystemet ska alltid en injustering genomf\u00f6ras. Injustering och luftfl\u00f6den kontrolleras sedan regelbundet i samband med de obligatoriska ventilationskontrollerna (vilket i villa- och sm\u00e5hus dock endast sker vid nyinstallation). En r\u00e4tt utf\u00f6rd injustering minskar ocks\u00e5 risken [&hellip;]<\/p>\n","protected":false},"author":1,"featured_media":0,"parent":3325,"menu_order":0,"comment_status":"closed","ping_status":"closed","template":"page-tips.php","meta":{"_acf_changed":false,"_et_pb_use_builder":"","_et_pb_old_content":"","_et_gb_content_width":"","footnotes":""},"class_list":["post-3446","page","type-page","status-publish","hentry"],"acf":[],"_links":{"self":[{"href":"https:\/\/utvecklingsweb.se\/sandviken\/wp-json\/wp\/v2\/pages\/3446","targetHints":{"allow":["GET"]}}],"collection":[{"href":"https:\/\/utvecklingsweb.se\/sandviken\/wp-json\/wp\/v2\/pages"}],"about":[{"href":"https:\/\/utvecklingsweb.se\/sandviken\/wp-json\/wp\/v2\/types\/page"}],"author":[{"embeddable":true,"href":"https:\/\/utvecklingsweb.se\/sandviken\/wp-json\/wp\/v2\/users\/1"}],"replies":[{"embeddable":true,"href":"https:\/\/utvecklingsweb.se\/sandviken\/wp-json\/wp\/v2\/comments?post=3446"}],"version-history":[{"count":0,"href":"https:\/\/utvecklingsweb.se\/sandviken\/wp-json\/wp\/v2\/pages\/3446\/revisions"}],"up":[{"embeddable":true,"href":"https:\/\/utvecklingsweb.se\/sandviken\/wp-json\/wp\/v2\/pages\/3325"}],"wp:attachment":[{"href":"https:\/\/utvecklingsweb.se\/sandviken\/wp-json\/wp\/v2\/media?parent=3446"}],"curies":[{"name":"wp","href":"https:\/\/api.w.org\/{rel}","templated":true}]}}