{"id":3447,"date":"2025-05-09T08:07:09","date_gmt":"2025-05-09T06:07:09","guid":{"rendered":"https:\/\/utvecklingsweb.se\/sandviken\/tips-och-rad\/ovk-att-tanka-pa\/"},"modified":"2025-05-09T08:07:09","modified_gmt":"2025-05-09T06:07:09","slug":"ovk-att-tanka-pa","status":"publish","type":"page","link":"https:\/\/utvecklingsweb.se\/sandviken\/tips-och-rad\/ovk-att-tanka-pa\/","title":{"rendered":"OVK att t\u00e4nka p\u00e5"},"content":{"rendered":"\n<p>OVK, obligatorisk ventilationskontroll, ska g\u00f6ras regelbundet, i de flesta byggnader. Syftet \u00e4r att visa att inomhusklimatet \u00e4r bra och att ventilationssystemen fungerar. En obligatorisk ventilationskontroll ska g\u00f6ras av en certifierad kontrollant, som ocks\u00e5 ska ge f\u00f6rslag p\u00e5 hur ventilationens energi\u00e5tg\u00e5ng kan minskas \u2013 utan att det ger en s\u00e4mre inomhusmilj\u00f6. Det \u00e4r byggnadens \u00e4gare, till exempel bostadsr\u00e4ttsf\u00f6reningen, som ska se till att OVK utf\u00f6rs. \u00c4garen ska v\u00e4lja en sakkunnig funktionskontrollant, som \u00e4r certifierad av ett ackrediterat certifieringsorgan. Det b\u00f6r finnas OVK-protokoll f\u00f6r byggnaden, fr\u00e5n regelbundna kontroller, hos kommunens byggnadsn\u00e4mnd. Ett intyg p\u00e5 utf\u00f6rd OVK ska ansl\u00e5s p\u00e5 en v\u00e4l synlig plats i byggnaden \u2013 exempelvis i huvudentr\u00e9 eller respektive trapphus.<\/p>\n\n\n\n<h2 class=\"wp-block-heading\" id=\"1\">Vad kontrolleras vid OVK?<\/h2>\n\n\n\n<p>Vid varje OVK ska det kontrolleras att instruktioner och sk\u00f6tselanvisningar finns l\u00e4tt tillg\u00e4ngliga, att ventilationssystemet inte inneh\u00e5ller f\u00f6roreningar som kan spridas i byggnaden och att ventilationssystemet i \u00f6vrigt fungerar p\u00e5 det s\u00e4tt som \u00e4r avsett. <\/p>\n\n\n\n<p><strong>Vid den f\u00f6rsta besiktningen&nbsp;<\/strong>ska det dessutom kontrolleras att funktionen och egenskaperna i ventilationssystemet st\u00e4mmer \u00f6verens med g\u00e4llande f\u00f6reskrifter.<\/p>\n\n\n\n<p><strong>Vid \u00e5terkommande besiktningar <\/strong>ska det kontrolleras att funktionen och egenskaperna i ventilationssystemet i huvudsak \u00f6verensst\u00e4mmer med de f\u00f6reskrifter som g\u00e4llde n\u00e4r systemet togs i bruk. Det ska ocks\u00e5 unders\u00f6kas vilka \u00e5tg\u00e4rder som kan vidtas f\u00f6r att f\u00f6rb\u00e4ttra energihush\u00e5llningen i ventilationssystemet \u2013 utan att f\u00f6rs\u00e4mra inomhusklimatet. Det \u00e4r sedan byggnadens \u00e4gare som avg\u00f6r om f\u00f6rslagen till energieffektiviserande \u00e5tg\u00e4rder ska genomf\u00f6ras. <\/p>\n\n\n\n<h2 class=\"wp-block-heading\" id=\"2\">Hur ofta ska OVK g\u00f6ras?<\/h2>\n\n\n\n<p>F\u00f6rskolor, skolor, v\u00e5rdlokaler och andra liknande byggnader.<br>Oavsett typ av ventilationssystem: 3 \u00e5r<\/p>\n\n\n\n<p>Flerbostadshus, kontorsbyggnader samt personalutrymmen och kontor i<br>industribyggnader och liknande. FT-, FTX-ventilation: 3 \u00e5r<\/p>\n\n\n\n<p>Flerbostadshus, kontorsbyggnader samt personalutrymmen och kontor<br>i industribyggnader och liknande. S-, F-, FX ventilation: 6 \u00e5r<\/p>\n\n\n\n<p>En- och tv\u00e5bostadshus med FX-, FTX-ventilation: endast en f\u00f6rsta installationsbesiktning innan systemet tas i bruk. Ingen \u00e5terkommande besiktning.<\/p>\n\n\n\n<p>S-ventilation = sj\u00e4lvdragsventilation.<br>F-ventilation = fl\u00e4ktventilation d\u00e4r fr\u00e5nluftsfl\u00f6dena \u00e4r fl\u00e4ktstyrda.<br>FT-ventilation = fl\u00e4ktventilation d\u00e4r b\u00e5de fr\u00e5nluft- och tilluftsfl\u00f6dena \u00e4r fl\u00e4ktstyrda.<br>(FX\/FTX-ventilation = ventilation med v\u00e4rme\u00e5tervinning).<\/p>\n\n\n\n<h2 class=\"wp-block-heading\" id=\"3\">Vem ansvarar f\u00f6r vad?<\/h2>\n\n\n\n<p>Ansvaret f\u00f6r Obligatorisk ventilationskontroll \u00e4r f\u00f6rdelat p\u00e5 flera parter. Kommunen och funktionskontrollanten har ansvar f\u00f6r vissa delar, men det \u00e4r alltid du som byggnadens \u00e4gare som st\u00e5r f\u00f6r huvudansvaret. <\/p>\n\n\n\n<h5 class=\"wp-block-heading\">Funktionskontrollantens uppgift:<\/h5>\n\n\n\n<div style=\"height:16px\" aria-hidden=\"true\" class=\"wp-block-spacer\"><\/div>\n\n\n\n<ul class=\"wp-block-list\"><li>Att vid varje besiktning skriva ett protokoll som redovisar resultatet. Kontrollanten ska p\u00e5tala fel och brister i ventilationen och anteckna dem i protokollet. Kontrollanten ska l\u00e4mna ett exemplar till s\u00e5v\u00e4l byggnadens \u00e4gare som till kommunens byggnadsn\u00e4mnd.<\/li><li>Att utf\u00e4rda ett intyg som visar att besiktningen har gjorts, med datum f\u00f6r besiktningen, resultatet av kontrollen och datumet f\u00f6r n\u00e4sta besiktning.<\/li><\/ul>\n\n\n\n<h5 class=\"wp-block-heading\">Byggnadens \u00e4gare ansvarar f\u00f6r att:<\/h5>\n\n\n\n<div style=\"height:16px\" aria-hidden=\"true\" class=\"wp-block-spacer\"><\/div>\n\n\n\n<ul class=\"wp-block-list\"><li>Se till att fel och brister som uppt\u00e4cks vid OVK \u00e5tg\u00e4rdas s\u00e5 snart det \u00e4r m\u00f6jligt. <\/li><li>\u00c4garen har ansvaret, \u00e4ven mellan besiktningstillf\u00e4llena, f\u00f6r att vidta de \u00e5tg\u00e4rder som beh\u00f6vs f\u00f6r att kraven p\u00e5 ventilationssystemet ska vara uppfyllda och f\u00f6r att de underh\u00e5lls s\u00e5 att deras v\u00e4sentliga tekniska egenskaper i huvudsak bevaras. Kraven finns i bygglagstiftningen.<\/li><\/ul>\n\n\n\n<h5 class=\"wp-block-heading\">Kommunen ansvarar f\u00f6r kontroll och tillsyn:<\/h5>\n\n\n\n<div style=\"height:16px\" aria-hidden=\"true\" class=\"wp-block-spacer\"><\/div>\n\n\n\n<ul class=\"wp-block-list\"><li>Det \u00e4r kommunen som ska \u00f6vervaka att byggnadens \u00e4gare sk\u00f6ter sina skyldigheter g\u00e4llande OVK-besiktning. Om byggnadens \u00e4gare inte genomf\u00f6r OVK \u2013 eller undl\u00e5ter att \u00e5tg\u00e4rda brister som dokumenterats vid en besiktning \u2013 kan kommunen f\u00f6rel\u00e4gga \u00e4garen att g\u00f6ra detta. <\/li><\/ul>\n","protected":false},"excerpt":{"rendered":"<p>OVK, obligatorisk ventilationskontroll, ska g\u00f6ras regelbundet, i de flesta byggnader. Syftet \u00e4r att visa att inomhusklimatet \u00e4r bra och att ventilationssystemen fungerar. En obligatorisk ventilationskontroll ska g\u00f6ras av en certifierad kontrollant, som ocks\u00e5 ska ge f\u00f6rslag p\u00e5 hur ventilationens energi\u00e5tg\u00e5ng kan minskas \u2013 utan att det ger en s\u00e4mre inomhusmilj\u00f6. Det \u00e4r byggnadens \u00e4gare, till [&hellip;]<\/p>\n","protected":false},"author":1,"featured_media":0,"parent":3325,"menu_order":0,"comment_status":"closed","ping_status":"closed","template":"page-tips.php","meta":{"_acf_changed":false,"_et_pb_use_builder":"","_et_pb_old_content":"","_et_gb_content_width":"","footnotes":""},"class_list":["post-3447","page","type-page","status-publish","hentry"],"acf":[],"_links":{"self":[{"href":"https:\/\/utvecklingsweb.se\/sandviken\/wp-json\/wp\/v2\/pages\/3447","targetHints":{"allow":["GET"]}}],"collection":[{"href":"https:\/\/utvecklingsweb.se\/sandviken\/wp-json\/wp\/v2\/pages"}],"about":[{"href":"https:\/\/utvecklingsweb.se\/sandviken\/wp-json\/wp\/v2\/types\/page"}],"author":[{"embeddable":true,"href":"https:\/\/utvecklingsweb.se\/sandviken\/wp-json\/wp\/v2\/users\/1"}],"replies":[{"embeddable":true,"href":"https:\/\/utvecklingsweb.se\/sandviken\/wp-json\/wp\/v2\/comments?post=3447"}],"version-history":[{"count":0,"href":"https:\/\/utvecklingsweb.se\/sandviken\/wp-json\/wp\/v2\/pages\/3447\/revisions"}],"up":[{"embeddable":true,"href":"https:\/\/utvecklingsweb.se\/sandviken\/wp-json\/wp\/v2\/pages\/3325"}],"wp:attachment":[{"href":"https:\/\/utvecklingsweb.se\/sandviken\/wp-json\/wp\/v2\/media?parent=3447"}],"curies":[{"name":"wp","href":"https:\/\/api.w.org\/{rel}","templated":true}]}}